{"id":6898,"date":"2025-11-26T17:54:28","date_gmt":"2025-11-26T17:54:28","guid":{"rendered":"https:\/\/mmevost.wpenginepowered.com\/?page_id=6898"},"modified":"2026-04-05T15:44:58","modified_gmt":"2026-04-05T15:44:58","slug":"project-management","status":"publish","type":"page","link":"https:\/\/evolutioneurope.eu\/es\/project-management\/","title":{"rendered":"Gesti\u00f3n de Proyectos"},"content":{"rendered":"","protected":false},"excerpt":{"rendered":"","protected":false},"author":4,"featured_media":0,"parent":0,"menu_order":0,"comment_status":"closed","ping_status":"closed","template":"","meta":{"_acf_changed":false,"footnotes":""},"class_list":["post-6898","page","type-page","status-publish","hentry"],"acf":{"layouts":{"0":{"acf_fc_layout":"breadcrumbs","breadcrumbs":{"section_background":false,"":null}},"1":{"acf_fc_layout":"content_media","content_media":{"section_id":"","section_background":"bg-white","section_type":"image","media_position":true,"vertical_align_content":true,"content":"<h1 class=\"sk-text--h3\"><span class=\"sk-typo-mod-color-four\">Gesti\u00f3n de Proyectos<\/span>\u00a0para empresas innovadoras<\/h1>\r\nEjecuci\u00f3n impecable desde la firma del acuerdo de subvenci\u00f3n hasta el informe final \u2014 gestionamos tu proyecto para que puedas centrarte en la innovaci\u00f3n.\r\n\r\n<a class=\"sk-btn\" href=\"https:\/\/evolutioneurope.eu\/es\/asesoramiento-gratuito\/\">Reserva tu consulta gratuita<\/a>\r\n\r\n&nbsp;","image":5778,"use_pseudo":true,"video_type":"mp4","upload_video":null,"video_id":"","video_placeholder":null}},"2":{"acf_fc_layout":"sub_navigation","sub_navigation":{"menu":[{"menu_link":{"title":"Ventajas","url":"#section-benefits","target":""}},{"menu_link":{"title":"Nuestros clientes","url":"#section-target-audience","target":""}},{"menu_link":{"title":"Nuestros Servicios","url":"#section-our-services","target":""}},{"menu_link":{"title":"Proceso","url":"#section-method","target":""}}],"button":{"title":"Contacto","url":"https:\/\/evolutioneurope.eu\/es\/contact\/","target":""}}},"3":{"acf_fc_layout":"content","content":{"sections_settings":{"section_id":"section-about","section_background":false,"section_padding":"medium"},"content":"<h2 class=\"sk-text--h3 sk-text--h4\" style=\"text-align: center;\"><span class=\"sk-typo-mod-color-four\">Nuestros servicios de Gesti\u00f3n de Proyectos apoyan a las organizaciones que han obtenido financiaci\u00f3n nacional o europea y necesitan orientaci\u00f3n experta para ejecutar sus proyectos de forma fluida y en cumplimiento.<\/span><\/h2>\r\n<p class=\"sk-text--h5\" style=\"text-align: center;\">Nos encargamos de los requisitos de financiaci\u00f3n, la coordinaci\u00f3n del consorcio y las tareas administrativas, para que t\u00fa puedas dedicarte a innovar\u2014 asegurando que tu proyecto avance sin problemas desde el inicio hasta el reporte final.<\/p>"}},"4":{"acf_fc_layout":"content_columns","content_columns":{"sections_settings":{"section_id":"section-benefits","section_background":false,"section_padding":"base"},"content":"","columns_count":"four","columns":[{"content":"<span class=\"sk-mb--0 sk-mb--32\"><img class=\"alignnone size-full wp-image-6103\" src=\"https:\/\/evolutioneurope.eu\/wp-content\/uploads\/2025\/11\/Legal-1.png\" alt=\"\" width=\"64\" height=\"64\" \/><\/span>\r\n<h3 class=\"sk-text--h5\">Garantiza el Cumplimiento<\/h3>\r\nGestionamos todos los requisitos administrativos con las instituciones pertinentes, asegurando que tu proyecto permanezca conforme de principio a fin."},{"content":"<span class=\"sk-mb--32\"><span class=\"sk-mb--0 sk-mb--32\"><img class=\"alignnone wp-image-5767 size-full\" role=\"img\" src=\"https:\/\/evolutioneurope.eu\/wp-content\/uploads\/2025\/10\/evo_social_security.svg\" alt=\"\" width=\"64\" height=\"64\" \/><\/span><\/span>\r\n<h3 class=\"sk-text--h5\">Ahorra Tiempo y Recursos<\/h3>\r\nReduce tu carga de trabajo: nos ocupamos de los informes, la documentaci\u00f3n y la comunicaci\u00f3n con las agencias nacionales o europeas."},{"content":"<span class=\"sk-mb--0 sk-mb--32\"><img class=\"alignnone wp-image-5703\" src=\"https:\/\/evolutioneurope.eu\/wp-content\/uploads\/2025\/10\/collaborate-transparently-300x300.png\" alt=\"\" width=\"65\" height=\"65\" \/><\/span>\r\n<h3 class=\"sk-text--h5\">Soporte Continuo<\/h3>\r\nRecibe orientaci\u00f3n experta durante todo el ciclo de vida del proyecto, desde el acuerdo de subvenci\u00f3n hasta el cierre del proyecto (hasta 5 a\u00f1os)."},{"content":"<span class=\"sk-mb--0 sk-mb--32\"><img class=\"alignnone wp-image-5707\" src=\"https:\/\/evolutioneurope.eu\/wp-content\/uploads\/2025\/10\/disruptive-tech-300x300.png\" alt=\"\" width=\"69\" height=\"69\" \/><\/span>\r\n<h3 class=\"sk-text--h5\">Maximiza el Impacto<\/h3>\r\nMant\u00e9n un rendimiento s\u00f3lido del proyecto y la continuidad de la financiaci\u00f3n con nuestro enfoque proactivo de gesti\u00f3n."}]}},"5":{"acf_fc_layout":"numbers","numbers":{"section_id":"","section_background":false,"numbers":[{"title":"20+","content":"A\u00f1os de experiencia en Gesti\u00f3n de Proyectos"},{"title":"3000+","content":"Proyectos gestionados en +30 pa\u00edses"},{"title":"+50","content":"Expertos en nuestro equipo"},{"title":"+700","content":"Empresas"}]}},"7":{"acf_fc_layout":"content_cards","content_cards":{"sections_settings":{"section_id":"section-our-services","section_background":true,"section_padding":"base"},"content":"<h3>Nuestros Servicios<\/h3>\r\nTe acompa\u00f1amos en cada etapa de la ejecuci\u00f3n del proyecto, desde la preparaci\u00f3n del acuerdo de subvenci\u00f3n hasta los informes, enmiendas y coordinaci\u00f3n del progreso.","columns_count":"four","columns":[{"image":6933,"content":"<h3 class=\"sk-text--h4\">1. Preparaci\u00f3n del Acuerdo de Financiaci\u00f3n<\/h3>\r\nAsistencia administrativa y t\u00e9cnica para garantizar una transici\u00f3n fluida desde la aprobaci\u00f3n de la financiaci\u00f3n hasta el lanzamiento del proyecto.\r\n<ul class=\"sk-list-circle\">\r\n \t<li>Apoyo en el proceso de la preparaci\u00f3n del acuerdo de subvenci\u00f3n<\/li>\r\n \t<li>Subida y validaci\u00f3n de toda la documentaci\u00f3n requerida<\/li>\r\n \t<li>Revisi\u00f3n y finalizaci\u00f3n del Business Plan y datos del acuerdo de subvenci\u00f3n<\/li>\r\n \t<li>Asesoramiento en comunicaciones con el organismo financiador y pasos de negociaci\u00f3n<\/li>\r\n<\/ul>","link":null},{"image":6935,"content":"<h3 class=\"sk-text--h4\">2. Seguimiento del Proyecto<\/h3>\r\nApoyo continuo durante la ejecuci\u00f3n del proyecto para garantizar el cumplimiento, los plazos de reporting y la justificaci\u00f3n financiera.\r\n<ul class=\"sk-list-circle\">\r\n \t<li>Seguimiento continuo de entregables y hitos<\/li>\r\n \t<li data-start=\"3463\" data-end=\"3521\">Preparaci\u00f3n y env\u00edo de informes peri\u00f3dicos y de progreso<\/li>\r\n \t<li data-start=\"3524\" data-end=\"3592\">Coordinaci\u00f3n de documentaci\u00f3n financiera y t\u00e9cnica para auditor\u00edas<\/li>\r\n \t<li data-start=\"3595\" data-end=\"3659\">Gu\u00eda ante aclaraciones y feedback de la autoridad financiadora.<\/li>\r\n<\/ul>","link":null},{"image":6929,"content":"<h3 class=\"sk-text--h4\">3. Estrategia Adaptativa<\/h3>\r\nTe ayudamos a adaptar tu proyecto din\u00e1micamente conforme evoluciona, garantizando alineaci\u00f3n estrat\u00e9gica y cumplimiento regulatorio.\r\n<ul class=\"sk-list-circle\">\r\n \t<li>Aclaraciones y actualizaciones de Work Packages<\/li>\r\n \t<li>Reasignaciones presupuestarias o extensiones de plazos<\/li>\r\n \t<li>Modificaciones formales del Acuerdo de Subvenci\u00f3n<\/li>\r\n \t<li>Revisi\u00f3n de business plans y estructura del proyecto cuando sea necesario.<\/li>\r\n<\/ul>","link":null},{"image":6931,"content":"<h3 class=\"sk-text--h4\">4. Coordinaci\u00f3n<\/h3>\r\nActuamos como enlace entre tu equipo y la autoridad financiadora, facilitando una comunicaci\u00f3n clara y una coordinaci\u00f3n fluida.\r\n<ul class=\"sk-list-circle\">\r\n \t<li>Organizaci\u00f3n y preparaci\u00f3n de reuniones de progreso<\/li>\r\n \t<li>Revisi\u00f3n y env\u00edo de informes y presentaciones<\/li>\r\n \t<li>Apoyo durante evaluaciones y revisiones del proyecto<\/li>\r\n \t<li>Gesti\u00f3n administrativa continua entre todos los socios del proyecto<\/li>\r\n<\/ul>","link":null}]}},"8":{"acf_fc_layout":"content_cards","content_cards":{"sections_settings":{"section_id":"section-target-audience","section_background":false,"section_padding":"base"},"content":"<h3>A qui\u00e9n ayudamos<\/h3>","columns_count":"three","columns":[{"image":6953,"content":"<h3 class=\"sk-text--h4\">Universidades y Centros de Investigaci\u00f3n<\/h3>\r\nAcompa\u00f1amos a instituciones de investigaci\u00f3n que han obtenido financiaci\u00f3n Horizon Europe (RIA\/IA), EIC Pathfinder\/Transition, Eurostars u otras ayudas nacionales (Espa\u00f1a).","link":null},{"image":6951,"content":"<h3 class=\"sk-text--h4\">Startups y PYMEs<\/h3>\r\nApoyamos a startups innovadoras y PYMEs que han obtenido financiaci\u00f3n EIC Accelerator, Eurostars, RIA\/IA, NEOTEC u otros grants nacionales\/europeos.","link":null},{"image":6949,"content":"<h3 class=\"sk-text--h4\">Grandes Empresas y Grupos Industriales<\/h3>\r\n<p data-start=\"2345\" data-end=\"2524\">Trabajamos con compa\u00f1\u00edas consolidadas que reciben ayudas espa\u00f1olas, incentivos fiscales o gestionan actividades recurrentes de I+D que requieren estricto cumplimiento y reporting.<\/p>","link":null}]}},"9":{"acf_fc_layout":"content_media","content_media":{"section_id":"","section_background":"bg-white","section_type":"image","media_position":false,"vertical_align_content":false,"content":"<h3 class=\"sk-text--h4\">Gesti\u00f3n de Equity (para beneficiarios Blended Finance)<\/h3>\r\nPara beneficiarios del EIC Blended Finance, ofrecemos servicios de apoyo en equity:\r\n<ul class=\"sk-list-circle\">\r\n \t<li style=\"font-weight: 400;\" aria-level=\"1\">Revisi\u00f3n y env\u00edo de documentaci\u00f3n de due diligence<\/li>\r\n \t<li style=\"font-weight: 400;\" aria-level=\"1\">Asesoramiento financiero y estrat\u00e9gico durante las negociaciones con el EIC<\/li>\r\n \t<li style=\"font-weight: 400;\" aria-level=\"1\">Asistencia en la comunicaci\u00f3n con inversores y representantes de la Comisi\u00f3n<\/li>\r\n<\/ul>\r\n<a class=\"sk-btn\" href=\"https:\/\/evolutioneurope.eu\/es\/programas-eic\/\">M\u00e1s sobre el EIC<\/a>","image":6955,"use_pseudo":false,"video_type":"mp4","upload_video":null,"video_id":"","video_placeholder":null}},"10":{"acf_fc_layout":"accordion_side","accordion_side":{"sections_settings":{"section_id":"section-method","section_background":false,"section_padding":"base"},"accordion_max_width":false,"side_content":"<h3>Flujo de trabajo<\/h3>\r\n<h3><img class=\"alignnone wp-image-7056\" src=\"https:\/\/evolutioneurope.eu\/wp-content\/uploads\/2025\/11\/Flujo-de-trabajo-de-gestion-de-proyectos-Evolution-Europe-1-300x169.png\" alt=\"\" width=\"451\" height=\"254\" \/><\/h3>","top_content":"","items":[{"title":"Comunicaci\u00f3n proactiva","content":"Mantenemos una comunicaci\u00f3n clara y constante entre tu organizaci\u00f3n, la entidad financiadora y los socios del proyecto."},{"title":"Plantillas y herramientas personalizadas","content":"Proporcionamos plantillas personalizadas para simplificar entregables, informes y declaraciones de hitos."},{"title":"Transparencia y control","content":"Mantienes el control y la visibilidad completa, mientras nosotros nos encargamos de toda la gesti\u00f3n administrativa."},{"title":"Experiencia Personalizada","content":"Nuestro equipo especializado en gesti\u00f3n de proyectos garantiza el cumplimiento normativo, la calidad y la entrega puntual a lo largo de todo el ciclo de vida del proyecto."}]}},"11":{"acf_fc_layout":"cta","get_content_from_options_page":false,"cta":{"section_type":"image","content":"<h2 class=\"sk-text--h4\">Qu\u00e9 entregamos<\/h2>\r\n<ul class=\"sk-list-circle\">\r\n \t<li style=\"font-weight: 400;\" aria-level=\"1\">Preparaci\u00f3n del Grant Agreement sin complicaciones<\/li>\r\n \t<li style=\"font-weight: 400;\" aria-level=\"1\">Reporting puntual y preciso<\/li>\r\n \t<li style=\"font-weight: 400;\" aria-level=\"1\">Coordinaci\u00f3n y comunicaci\u00f3n claras<\/li>\r\n \t<li style=\"font-weight: 400;\" aria-level=\"1\">Cumplimiento de las normas de la autoridad financiadora y est\u00e1ndares de auditor\u00eda<\/li>\r\n \t<li style=\"font-weight: 400;\" aria-level=\"1\">Soporte a largo plazo (hasta 5 a\u00f1os) para tu proyecto financiado<\/li>\r\n<\/ul>\r\n<a class=\"sk-btn\" href=\"https:\/\/evolutioneurope.eu\/es\/contact\/\">Contacta con nuestro equipo<\/a>","section_id":"","image":6915,"video_type":"mp4","upload_video":null,"video_id":"","video_placeholder":null}},"13":{"acf_fc_layout":"quotes","quotes":{"quotes":null}},"14":{"acf_fc_layout":"quotes","quotes":{"quotes":[{"image":6562,"quote":"\u201cHemos recibido apoyo de Evolution durante todo el proceso. Esto ha sido muy importante para cumplir con los procedimientos adecuados y presentar la documentaci\u00f3n justificativa a tiempo. La relaci\u00f3n ha sido excelente.\u201d","image_mobile":6562,"author":"Beatriz Salvador, Innovation Manager, Biome Makers","button":null}]}},"15":{"acf_fc_layout":"cta","get_content_from_options_page":false,"cta":{"section_type":"bg","content":"<h2 style=\"text-align: center;\">\u00bfListo para recibir soporte experto en la gesti\u00f3n de tu proyecto?<\/h2>\r\n<p style=\"text-align: center;\" data-start=\"6277\" data-end=\"6328\"><a class=\"sk-btn sk-btn--secondary\" href=\"https:\/\/evolutioneurope.eu\/es\/asesoramiento-gratuito\/\">Solicita tu consulta gratuita<\/a> <a class=\"sk-btn\" href=\"https:\/\/evolutioneurope.eu\/es\/contact\/\">Cont\u00e1ctanos hoy<\/a><\/p>","section_id":"","image":null,"video_type":"mp4","upload_video":null,"video_id":"","video_placeholder":null}}}},"yoast_head":"<!-- This site is optimized with the Yoast SEO Premium plugin v27.3 (Yoast SEO v27.3) - https:\/\/yoast.com\/product\/yoast-seo-premium-wordpress\/ -->\n<title>Gesti\u00f3n de Proyectos - evolution-europe<\/title>\n<meta name=\"description\" content=\"Evolution ofrece consultor\u00eda en I+D+i en gesti\u00f3n de proyectos y reporting de hitos para empresas, centros de investigaci\u00f3n y universidades.\" \/>\n<meta name=\"robots\" content=\"index, follow, max-snippet:-1, max-image-preview:large, max-video-preview:-1\" \/>\n<link rel=\"canonical\" href=\"https:\/\/evolutioneurope.eu\/es\/project-management\/\" \/>\n<meta property=\"og:locale\" content=\"es_ES\" \/>\n<meta property=\"og:type\" content=\"article\" \/>\n<meta property=\"og:title\" content=\"Gesti\u00f3n de Proyectos\" \/>\n<meta property=\"og:description\" content=\"Evolution ofrece consultor\u00eda en I+D+i en gesti\u00f3n de proyectos y reporting de hitos para empresas, centros de investigaci\u00f3n y universidades.\" \/>\n<meta property=\"og:url\" content=\"https:\/\/evolutioneurope.eu\/es\/project-management\/\" \/>\n<meta property=\"og:site_name\" content=\"evolution-europe\" \/>\n<meta property=\"article:modified_time\" content=\"2026-04-05T15:44:58+00:00\" \/>\n<meta name=\"twitter:card\" content=\"summary_large_image\" \/>\n<script type=\"application\/ld+json\" class=\"yoast-schema-graph\">{\"@context\":\"https:\\\/\\\/schema.org\",\"@graph\":[{\"@type\":\"WebPage\",\"@id\":\"https:\\\/\\\/evolutioneurope.eu\\\/es\\\/project-management\\\/\",\"url\":\"https:\\\/\\\/evolutioneurope.eu\\\/es\\\/project-management\\\/\",\"name\":\"Gesti\u00f3n de Proyectos - evolution-europe\",\"isPartOf\":{\"@id\":\"https:\\\/\\\/evolutioneurope.eu\\\/es\\\/#website\"},\"datePublished\":\"2025-11-26T17:54:28+00:00\",\"dateModified\":\"2026-04-05T15:44:58+00:00\",\"description\":\"Evolution ofrece consultor\u00eda en I+D+i en gesti\u00f3n de proyectos y reporting de hitos para empresas, centros de investigaci\u00f3n y universidades.\",\"breadcrumb\":{\"@id\":\"https:\\\/\\\/evolutioneurope.eu\\\/es\\\/project-management\\\/#breadcrumb\"},\"inLanguage\":\"es\",\"potentialAction\":[{\"@type\":\"ReadAction\",\"target\":[\"https:\\\/\\\/evolutioneurope.eu\\\/es\\\/project-management\\\/\"]}]},{\"@type\":\"BreadcrumbList\",\"@id\":\"https:\\\/\\\/evolutioneurope.eu\\\/es\\\/project-management\\\/#breadcrumb\",\"itemListElement\":[{\"@type\":\"ListItem\",\"position\":1,\"name\":\"Home\",\"item\":\"https:\\\/\\\/evolutioneurope.eu\\\/es\\\/\"},{\"@type\":\"ListItem\",\"position\":2,\"name\":\"Gesti\u00f3n de Proyectos\"}]},{\"@type\":\"WebSite\",\"@id\":\"https:\\\/\\\/evolutioneurope.eu\\\/es\\\/#website\",\"url\":\"https:\\\/\\\/evolutioneurope.eu\\\/es\\\/\",\"name\":\"evolution-europe\",\"description\":\"\",\"publisher\":{\"@id\":\"https:\\\/\\\/evolutioneurope.eu\\\/es\\\/#organization\"},\"potentialAction\":[{\"@type\":\"SearchAction\",\"target\":{\"@type\":\"EntryPoint\",\"urlTemplate\":\"https:\\\/\\\/evolutioneurope.eu\\\/es\\\/?s={search_term_string}\"},\"query-input\":{\"@type\":\"PropertyValueSpecification\",\"valueRequired\":true,\"valueName\":\"search_term_string\"}}],\"inLanguage\":\"es\"},{\"@type\":\"Organization\",\"@id\":\"https:\\\/\\\/evolutioneurope.eu\\\/es\\\/#organization\",\"name\":\"Evolution Europe\",\"url\":\"https:\\\/\\\/evolutioneurope.eu\\\/es\\\/\",\"logo\":{\"@type\":\"ImageObject\",\"inLanguage\":\"es\",\"@id\":\"https:\\\/\\\/evolutioneurope.eu\\\/es\\\/#\\\/schema\\\/logo\\\/image\\\/\",\"url\":\"https:\\\/\\\/evolutioneurope.eu\\\/wp-content\\\/uploads\\\/2026\\\/04\\\/social-share-image-2000x1600-1.jpg\",\"contentUrl\":\"https:\\\/\\\/evolutioneurope.eu\\\/wp-content\\\/uploads\\\/2026\\\/04\\\/social-share-image-2000x1600-1.jpg\",\"width\":2000,\"height\":1600,\"caption\":\"Evolution Europe\"},\"image\":{\"@id\":\"https:\\\/\\\/evolutioneurope.eu\\\/es\\\/#\\\/schema\\\/logo\\\/image\\\/\"}}]}<\/script>\n<!-- \/ Yoast SEO Premium plugin. -->","yoast_head_json":{"title":"Gesti\u00f3n de Proyectos - evolution-europe","description":"Evolution ofrece consultor\u00eda en I+D+i en gesti\u00f3n de proyectos y reporting de hitos para empresas, centros de investigaci\u00f3n y universidades.","robots":{"index":"index","follow":"follow","max-snippet":"max-snippet:-1","max-image-preview":"max-image-preview:large","max-video-preview":"max-video-preview:-1"},"canonical":"https:\/\/evolutioneurope.eu\/es\/project-management\/","og_locale":"es_ES","og_type":"article","og_title":"Gesti\u00f3n de Proyectos","og_description":"Evolution ofrece consultor\u00eda en I+D+i en gesti\u00f3n de proyectos y reporting de hitos para empresas, centros de investigaci\u00f3n y universidades.","og_url":"https:\/\/evolutioneurope.eu\/es\/project-management\/","og_site_name":"evolution-europe","article_modified_time":"2026-04-05T15:44:58+00:00","twitter_card":"summary_large_image","schema":{"@context":"https:\/\/schema.org","@graph":[{"@type":"WebPage","@id":"https:\/\/evolutioneurope.eu\/es\/project-management\/","url":"https:\/\/evolutioneurope.eu\/es\/project-management\/","name":"Gesti\u00f3n de Proyectos - evolution-europe","isPartOf":{"@id":"https:\/\/evolutioneurope.eu\/es\/#website"},"datePublished":"2025-11-26T17:54:28+00:00","dateModified":"2026-04-05T15:44:58+00:00","description":"Evolution ofrece consultor\u00eda en I+D+i en gesti\u00f3n de proyectos y reporting de hitos para empresas, centros de investigaci\u00f3n y universidades.","breadcrumb":{"@id":"https:\/\/evolutioneurope.eu\/es\/project-management\/#breadcrumb"},"inLanguage":"es","potentialAction":[{"@type":"ReadAction","target":["https:\/\/evolutioneurope.eu\/es\/project-management\/"]}]},{"@type":"BreadcrumbList","@id":"https:\/\/evolutioneurope.eu\/es\/project-management\/#breadcrumb","itemListElement":[{"@type":"ListItem","position":1,"name":"Home","item":"https:\/\/evolutioneurope.eu\/es\/"},{"@type":"ListItem","position":2,"name":"Gesti\u00f3n de Proyectos"}]},{"@type":"WebSite","@id":"https:\/\/evolutioneurope.eu\/es\/#website","url":"https:\/\/evolutioneurope.eu\/es\/","name":"evolution-europe","description":"","publisher":{"@id":"https:\/\/evolutioneurope.eu\/es\/#organization"},"potentialAction":[{"@type":"SearchAction","target":{"@type":"EntryPoint","urlTemplate":"https:\/\/evolutioneurope.eu\/es\/?s={search_term_string}"},"query-input":{"@type":"PropertyValueSpecification","valueRequired":true,"valueName":"search_term_string"}}],"inLanguage":"es"},{"@type":"Organization","@id":"https:\/\/evolutioneurope.eu\/es\/#organization","name":"Evolution Europe","url":"https:\/\/evolutioneurope.eu\/es\/","logo":{"@type":"ImageObject","inLanguage":"es","@id":"https:\/\/evolutioneurope.eu\/es\/#\/schema\/logo\/image\/","url":"https:\/\/evolutioneurope.eu\/wp-content\/uploads\/2026\/04\/social-share-image-2000x1600-1.jpg","contentUrl":"https:\/\/evolutioneurope.eu\/wp-content\/uploads\/2026\/04\/social-share-image-2000x1600-1.jpg","width":2000,"height":1600,"caption":"Evolution Europe"},"image":{"@id":"https:\/\/evolutioneurope.eu\/es\/#\/schema\/logo\/image\/"}}]}},"_links":{"self":[{"href":"https:\/\/evolutioneurope.eu\/es\/wp-json\/wp\/v2\/pages\/6898","targetHints":{"allow":["GET"]}}],"collection":[{"href":"https:\/\/evolutioneurope.eu\/es\/wp-json\/wp\/v2\/pages"}],"about":[{"href":"https:\/\/evolutioneurope.eu\/es\/wp-json\/wp\/v2\/types\/page"}],"author":[{"embeddable":true,"href":"https:\/\/evolutioneurope.eu\/es\/wp-json\/wp\/v2\/users\/4"}],"replies":[{"embeddable":true,"href":"https:\/\/evolutioneurope.eu\/es\/wp-json\/wp\/v2\/comments?post=6898"}],"version-history":[{"count":0,"href":"https:\/\/evolutioneurope.eu\/es\/wp-json\/wp\/v2\/pages\/6898\/revisions"}],"wp:attachment":[{"href":"https:\/\/evolutioneurope.eu\/es\/wp-json\/wp\/v2\/media?parent=6898"}],"curies":[{"name":"wp","href":"https:\/\/api.w.org\/{rel}","templated":true}]}}