{"id":649,"date":"2025-08-28T15:21:10","date_gmt":"2025-08-28T15:21:10","guid":{"rendered":"https:\/\/mmevost.wpenginepowered.com\/home\/"},"modified":"2026-03-25T14:33:14","modified_gmt":"2026-03-25T14:33:14","slug":"home","status":"publish","type":"page","link":"https:\/\/evolutioneurope.eu\/es\/","title":{"rendered":"Inicio &#8211; Evolution Europe &#8211; Impulsando la innovaci\u00f3n"},"content":{"rendered":"","protected":false},"excerpt":{"rendered":"","protected":false},"author":6,"featured_media":0,"parent":0,"menu_order":0,"comment_status":"closed","ping_status":"closed","template":"","meta":{"_acf_changed":false,"footnotes":""},"class_list":["post-649","page","type-page","status-publish","hentry"],"acf":{"layouts":{"0":{"acf_fc_layout":"hero","hero":{"section_type":"image","section_size":"large","title":"<h1>Impulsando la innovaci\u00f3n\r\n<span class=\"sk-typo-mod-color-four\">Asegurando\r\ntu futuro<\/span><\/h1>","breadcrumbs":false,"image":584,"image_mobile":585,"mobile_content_visibility":false,"content":"<p class=\"sk-text--lg\">Con m\u00e1s de 20 a\u00f1os de experiencia, ayudamos a las organizaciones a obtener financiaci\u00f3n y maximizar el retorno de la inversi\u00f3n para ideas innovadoras que dan forma al futuro. Desde ideas de investigaci\u00f3n hasta proyectos a gran escala, y desde mercados locales hasta el escenario europeo.<\/p>\r\n<a class=\"sk-btn\" href=\"#section-cards\">Descubre tus oportunidades<\/a>","video_type":"mp4","upload_video":null,"video_id":"","video_placeholder":null}},"1":{"acf_fc_layout":"numbers","numbers":{"section_id":"","section_background":true,"numbers":[{"title":"210M\u20ac","content":"en financiaci\u00f3n europea obtenida para nuestros clientes"},{"title":"40M\u20ac","content":"en financiaci\u00f3n nacional obtenida para nuestros clientes"},{"title":"300+","content":"clientes asesorados por a\u00f1o "},{"title":"25","content":"a\u00f1os de experiencia"}]}},"2":{"acf_fc_layout":"accordion_side","accordion_side":{"sections_settings":{"section_id":"","section_background":false,"section_padding":"base"},"accordion_max_width":false,"side_content":"<h2 class=\"sk-text--h3\">Ayudamos a empresas innovadoras a desbloquear su potencial mediante <span class=\"sk-typo-mod-color-four\">Soluciones Estrat\u00e9gicas de Financiaci\u00f3n<\/span><\/h2>\r\n<p class=\"sk-text--lg\">Tanto si eres una startup disruptiva de tecnolog\u00eda profunda, un l\u00edder industrial consolidado, una universidad o un centro de investigaci\u00f3n, nuestro equipo de expertos se asegura de que tus proyectos obtengan el apoyo financiero que merecen.<\/p>","top_content":"","items":[{"title":"Amplia experiencia en captaci\u00f3n de financiaci\u00f3n","content":"<p data-start=\"221\" data-end=\"575\">Nuestros servicios abarcan financiaci\u00f3n p\u00fablica (europea y espa\u00f1ola), financiaci\u00f3n privada (capital riesgo e inversores), as\u00ed como asesoramiento en Espa\u00f1a en deducciones fiscales, patent box y bonificaciones a la Seguridad Social.<\/p>\r\n<p data-start=\"221\" data-end=\"575\">Tambi\u00e9n gestionamos los proyectos tras la concesi\u00f3n de la ayuda, ofreciendo un servicio integral con un equipo interno.<\/p>\r\n\r\n<h3 data-section-id=\"16nbi2a\" data-start=\"577\" data-end=\"624\"><\/h3>"},{"title":"Equipo multidisciplinario y altamente calificado","content":"<p data-start=\"0\" data-end=\"110\">Somos un equipo diverso de m\u00e1s de 60 profesionales con s\u00f3lida formaci\u00f3n cient\u00edfica, t\u00e9cnica y empresarial.<\/p>\r\n<p data-start=\"112\" data-end=\"247\" data-is-last-node=\"\" data-is-only-node=\"\">Nuestra experiencia conecta la innovaci\u00f3n con la estrategia, garantizando propuestas t\u00e9cnicamente s\u00f3lidas y comercialmente viables.<\/p>"},{"title":"Apoyo estrat\u00e9gico personalizado","content":"<p data-start=\"43\" data-end=\"327\">Nuestra labor va m\u00e1s all\u00e1 de la solicitud de financiaci\u00f3n: ofrecemos orientaci\u00f3n estrat\u00e9gica, apoyo en la identificaci\u00f3n de proyectos con potencial, an\u00e1lisis de elegibilidad, redacci\u00f3n de propuestas, preparaci\u00f3n para inversores, gesti\u00f3n de proyectos y asesoramiento especializado.<\/p>"},{"title":"Alcance internacional y sectorial","content":"<article class=\"text-token-text-primary w-full focus:outline-none [--shadow-height:45px] has-data-writing-block:pointer-events-none has-data-writing-block:-mt-(--shadow-height) has-data-writing-block:pt-(--shadow-height) [&amp;:has([data-writing-block])&gt;*]:pointer-events-auto scroll-mt-(--header-height)\" dir=\"auto\" tabindex=\"-1\" data-turn-id=\"b2e9f8c7-9269-4d1f-b597-6682b961846f\" data-testid=\"conversation-turn-73\" data-scroll-anchor=\"false\" data-turn=\"user\"><\/article><article class=\"text-token-text-primary w-full focus:outline-none [--shadow-height:45px] has-data-writing-block:pointer-events-none has-data-writing-block:-mt-(--shadow-height) has-data-writing-block:pt-(--shadow-height) [&amp;:has([data-writing-block])&gt;*]:pointer-events-auto scroll-mt-[calc(var(--header-height)+min(200px,max(70px,20svh)))]\" dir=\"auto\" tabindex=\"-1\" data-turn-id=\"request-WEB:b198b2a8-ca08-4c01-b83d-a1940131f524-36\" data-testid=\"conversation-turn-74\" data-scroll-anchor=\"false\" data-turn=\"assistant\">\r\n<div class=\"text-base my-auto mx-auto [--thread-content-margin:var(--thread-content-margin-xs,calc(var(--spacing)*4))] @w-sm\/main:[--thread-content-margin:var(--thread-content-margin-sm,calc(var(--spacing)*6))] @w-lg\/main:[--thread-content-margin:var(--thread-content-margin-lg,calc(var(--spacing)*16))] px-(--thread-content-margin)\">\r\n<div class=\"[--thread-content-max-width:40rem] @w-lg\/main:[--thread-content-max-width:48rem] mx-auto max-w-(--thread-content-max-width) flex-1 group\/turn-messages focus-visible:outline-hidden relative flex w-full min-w-0 flex-col agent-turn\" tabindex=\"-1\">\r\n<div class=\"flex max-w-full flex-col gap-4 grow\">\r\n<div class=\"min-h-8 text-message relative flex w-full flex-col items-end gap-2 text-start break-words whitespace-normal [.text-message+&amp;]:mt-1\" dir=\"auto\" data-message-author-role=\"assistant\" data-message-id=\"9114deda-836b-4f7f-bd93-1bf7b038300c\" data-message-model-slug=\"gpt-5-3\">\r\n<div class=\"flex w-full flex-col gap-1 empty:hidden\">\r\n<div class=\"markdown prose dark:prose-invert w-full wrap-break-word light markdown-new-styling\">\r\n<p data-start=\"0\" data-end=\"174\">Trabajamos con clientes de toda Europa y pa\u00edses asociados, activos en sectores de vanguardia como deep tech, medtech, inteligencia artificial, cleantech y ciberseguridad.<\/p>\r\n<p data-start=\"176\" data-end=\"273\" data-is-last-node=\"\" data-is-only-node=\"\">Nuestra experiencia nos permite navegar entornos de financiaci\u00f3n complejos y multinacionales.<\/p>\r\n\r\n<\/div>\r\n<\/div>\r\n<\/div>\r\n<\/div>\r\n<div class=\"z-0 flex min-h-[46px] justify-start\"><\/div>\r\n<\/div>\r\n<\/div>\r\n<\/article>"}]}},"3":{"acf_fc_layout":"content_media","content_media":{"section_id":"","section_background":"bg-dark-blue","section_type":"image","media_position":true,"vertical_align_content":false,"content":"<h2 class=\"sk-text--h4\"><span class=\"sk-mb--16\"><span class=\"sk-typo-mod-color-four\">Impulsando a una amplia diversidad de innovaciones<\/span> - Si tu objetivo es obtener financiaci\u00f3n de Horizonte Europa, programas Eureka, financiaci\u00f3n nacional en Espa\u00f1a (o incluso otros pa\u00edses como Suiza) o deducciones fiscales, te ayudamos a encontrar la estrategia de financiaci\u00f3n adecuada para tu innovaci\u00f3n.\r\n<\/span><\/h2>\r\n<ul class=\"sk-list-circle\">\r\n \t<li>\r\n<h5>Startups, spin-offs y pymes<\/h5>\r\n<span class=\"sk-typo-mod-style-opacity\">Que buscan financiaci\u00f3n para sus investigaciones, proyectos de I+D e innovaciones (ya sea de forma independiente o en consorcios).<\/span><\/li>\r\n \t<li>\r\n<h5>Universidades y centros de investigaci\u00f3n<\/h5>\r\n<span class=\"sk-typo-mod-style-opacity\">Que colaboran en proyectos financiados a nivel nacional y europeo, normalmente como parte de consorcios.<\/span><\/li>\r\n \t<li>\r\n<h5>Grandes empresas<\/h5>\r\n<span class=\"sk-typo-mod-style-opacity\">Que realizan actividades intensivas de I+D, especialmente en sectores industriales.\r\nQue desarrollan nuevos productos o l\u00edneas de producci\u00f3n.<\/span><\/li>\r\n<\/ul>\r\n<a class=\"sk-btn\" href=\"#section-cards\">Descubre c\u00f3mo podemos ayudarte<\/a>","image":590,"use_pseudo":true,"video_type":"mp4","upload_video":null,"video_id":"","video_placeholder":null}},"4":{"acf_fc_layout":"content_media","content_media":{"section_id":"","section_background":"bg-white","section_type":"image","media_position":true,"vertical_align_content":false,"content":"<h2 class=\"sk-text--h3\"><span class=\"sk-typo-mod-color-four\">Sectores estrat\u00e9gicos<\/span> en los que tenemos experiencia<\/h2>\r\n<p class=\"sk-text--lg\">Aunque estamos abiertos a cualquier tipo de sector siempre que el proyecto tenga un componente innovador, estos son algunos de los sectores estrat\u00e9gicos en los que tenemos m\u00e1s experiencia:<\/p>\r\n\r\n<ul class=\"sk-list-circle\">\r\n \t<li>\r\n<h5 class=\"sk-typo-mod-font-400\">Salud y tecnolog\u00eda m\u00e9dica<\/h5>\r\n<\/li>\r\n \t<li>\r\n<h5>Energ\u00eda y tecnolog\u00eda limpia<\/h5>\r\n<\/li>\r\n \t<li>\r\n<h5>IA y rob\u00f3tica<\/h5>\r\n<\/li>\r\n \t<li>\r\n<h5>Nanotecnolog\u00eda y materiales avanzados<\/h5>\r\n<\/li>\r\n \t<li>\r\n<h5>Biotecnolog\u00eda<\/h5>\r\n<\/li>\r\n \t<li>\r\n<h5>Ciudades inteligentes e IoT<\/h5>\r\n<\/li>\r\n \t<li>\r\n<h5>Ciberseguridad<\/h5>\r\n<\/li>\r\n \t<li>\r\n<h5>Agrotecnolog\u00eda y tecnolog\u00eda alimentaria<\/h5>\r\n<\/li>\r\n \t<li>\r\n<h5>Sector qu\u00edmico<\/h5>\r\n<\/li>\r\n \t<li>\r\n<h5>Sector farmac\u00e9utico<\/h5>\r\n<\/li>\r\n \t<li>\r\n<h5>Pl\u00e1sticos<\/h5>\r\n<\/li>\r\n \t<li>\r\n<h5>Tratamiento de residuos<\/h5>\r\n<\/li>\r\n \t<li>\r\n<h5>Sector automovil\u00edstico<\/h5>\r\n<\/li>\r\n \t<li>\r\n<h5>Medicina Veterinaria<\/h5>\r\n<\/li>\r\n<\/ul>\r\n... y estamos abiertos a cualquier sector de investigaci\u00f3n y desarrollo.","image":1307,"use_pseudo":false,"video_type":"mp4","upload_video":null,"video_id":"","video_placeholder":null}},"5":{"acf_fc_layout":"content_cards","content_cards":{"sections_settings":{"section_id":"section-cards","section_background":false,"section_padding":"base"},"content":"<h2 class=\"sk-text--h3\">Soluciones integrales de financiaci\u00f3n <span class=\"sk-typo-mod-color-four\">para todas las necesidades de I+D+i<\/span><\/h2>","columns_count":"three","columns":[{"image":627,"content":"<h3 class=\"sk-text--h4\">Apoyo para la financiaci\u00f3n p\u00fablica<\/h3>\r\nConsigue subvenciones nacionales y de la UE con la ayuda de expertos.\r\n<ul class=\"sk-list-circle\">\r\n \t<li>Programas Horizonte Europa, CINEA y Eureka<\/li>\r\n \t<li>Subvenciones espa\u00f1olas y regionales<\/li>\r\n \t<li>Gesti\u00f3n de proyectos tras la financiaci\u00f3n<\/li>\r\n<\/ul>","link":{"title":"Apoyo para Financiaci\u00f3n P\u00fablica","url":"https:\/\/evolutioneurope.eu\/es\/public-funding-support\/","target":""}},{"image":628,"content":"<h3 class=\"sk-text--h4\">Apoyo para la financiaci\u00f3n privada<\/h3>\r\nEncuentra a los inversores adecuados para impulsar el crecimiento de tu negocio.\r\n<ul class=\"sk-list-circle\">\r\n \t<li>Financiaci\u00f3n de capital riesgo<\/li>\r\n \t<li>Subvenciones espa\u00f1olas y regionales<\/li>\r\n \t<li>Estrategias de inversi\u00f3n privada<\/li>\r\n<\/ul>","link":{"title":"Link 2","url":"https:\/\/evolutioneurope.eu\/es\/finanaciacion-privada\/","target":""}},{"image":629,"content":"<h3 class=\"sk-text--h4\">Servicios de asesoramiento en Espa\u00f1a<\/h3>\r\nAprovecha los cr\u00e9ditos fiscales e incentivos para I+D+i.\r\n<ul class=\"sk-list-circle\">\r\n \t<li>Deducciones fiscales por I+D+i<\/li>\r\n \t<li>Bonificaciones de la Seguridad Social<\/li>\r\n \t<li>Transferencia tecnol\u00f3gica y patent box<\/li>\r\n \t<li>Tax Lease<\/li>\r\n<\/ul>","link":{"title":"Link 3","url":"https:\/\/evolutioneurope.eu\/es\/beneficios-fiscales\/","target":""}}]}},"6":{"acf_fc_layout":"content_media","content_media":{"section_id":"","section_background":"bg-white","section_type":"image","media_position":true,"vertical_align_content":false,"content":"<h2 class=\"sk-text--h4\"><span class=\"sk-typo-mod-color-four\">Colaboramos <\/span>con diferentes actores en el \u00e1mbito de la innovaci\u00f3n para convocatorias colaborativas y como parte de nuestro programa de socios comerciales<\/h2>\r\n<a class=\"sk-btn\" href=\"https:\/\/evolutioneurope.eu\/es\/partners\/\">M\u00e1s informaci\u00f3n<\/a>","image":666,"use_pseudo":false,"video_type":"mp4","upload_video":null,"video_id":"","video_placeholder":null}},"7":{"acf_fc_layout":"quotes","quotes":{"quotes":[{"image":594,"quote":"\u201cEn Evolution Europe, nos enorgullece ver c\u00f3mo los proyectos que apoyamos se convierten en innovaciones reales que transforman y mejoran la vida cotidiana.\u201d","image_mobile":594,"author":"Victor Rodriguez, CEO de Evolution Europe","button":null},{"image":598,"quote":"\u201cDetr\u00e1s de cada proyecto financiado hay un equipo ganador. Nosotros somos ese equipo para ti.\u201d","image_mobile":599,"author":"Sof\u00eda Fernandes, directora de ventas UE en Evolution Europe","button":null},{"image":597,"quote":"\u201cLa colaboraci\u00f3n con el equipo de consultores de Evolution fue excelente desde el primer momento: entendieron el proyecto y nos ayudaron a plasmarlo en una propuesta que pon\u00eda claramente en valor sus elementos diferenciadores, contribuyendo de manera decisiva a que resultara ganadora.\u201d","image_mobile":600,"author":"Sonia Mart\u00ednez Arca, CEO de Batea Oncology","button":{"title":"Batea Oncology \u2013 GlioProof","url":"https:\/\/evolutioneurope.eu\/es\/casos-de-%C3%A9xito\/batea-oncology-glioproof\/","target":""}},{"image":596,"quote":"\u201cNuestro modelo de trabajo refleja el mundo en el que vivimos: flexible, digital y centrado en las personas, dise\u00f1ado para potenciar tanto el rendimiento como el bienestar.\u201d","image_mobile":601,"author":"David, Manager de People en Evolution Europe","button":null}]}},"8":{"acf_fc_layout":"logo_carousel","logo_carousel":{"section_id":"","title":"<h2 class=\"sk-text--h6\" style=\"text-align: center;\">Desde startups hasta grandes empresas multinacionales, ayudamos a todo tipo de negocios a alcanzar sus objetivos de financiaci\u00f3n.<\/h2>","logos":[{"image":8814},{"image":8758},{"image":8794},{"image":8790},{"image":8776},{"image":8816},{"image":8752},{"image":8766},{"image":8818},{"image":8750},{"image":8744},{"image":8746},{"image":8748},{"image":8754},{"image":8756},{"image":8760},{"image":8764},{"image":8768},{"image":8770},{"image":8856},{"image":8774},{"image":8778},{"image":8780},{"image":8784},{"image":8786},{"image":8788},{"image":8792},{"image":8796},{"image":8800},{"image":8802},{"image":8804},{"image":8806},{"image":8808},{"image":8810},{"image":8812},{"image":8820},{"image":8822},{"image":8824},{"image":8826},{"image":8828},{"image":8830},{"image":8832}]}},"10":{"acf_fc_layout":"content_media","content_media":{"section_id":"","section_background":"bg-white","section_type":"image","media_position":true,"vertical_align_content":false,"content":"<h2 class=\"sk-text--h4\"><span class=\"sk-typo-mod-color-four\">Explora los programas de financiaci\u00f3n <\/span>que impulsan tu crecimiento<\/h2>\r\n<p class=\"sk-text--lg\">Desde subvenciones competitivas y de gran impacto de la UE, como los programas Horizonte Europa, hasta oportunidades de financiaci\u00f3n nacionales en Espa\u00f1a y Suiza, te ayudamos a navegar por el complejo panorama de la financiaci\u00f3n para garantizar el apoyo que tu proyecto merece.<\/p>\r\n<a class=\"sk-btn\" href=\"https:\/\/evolutioneurope.eu\/es\/public-funding-support\/\">Descubre m\u00e1s<\/a>","image":679,"use_pseudo":false,"video_type":"mp4","upload_video":null,"video_id":"","video_placeholder":null}},"11":{"acf_fc_layout":"cta","get_content_from_options_page":false,"cta":{"section_type":"video","content":"<h2 style=\"text-align: center;\">Tu socio para la financiaci\u00f3n de la innovaci\u00f3n<\/h2>\r\n<p style=\"text-align: center;\">Con un equipo interno dedicado, un enfoque orientado al \u00e9xito y una experiencia inigualable, no solo solicitamos financiaci\u00f3n, sino que la conseguimos. Nuestras estrategias personalizadas garantizan que tu proyecto se destaque en programas competitivos.<\/p>\r\n<p style=\"text-align: center;\"><a class=\"sk-btn\" href=\"https:\/\/evolutioneurope.eu\/es\/nuestra-empresa\/\" target=\"_blank\" rel=\"noopener\">M\u00e1s sobre nosotros<\/a><\/p>","section_id":"","image":null,"video_type":"mp4","upload_video":624,"video_id":"","video_placeholder":625}},"12":{"acf_fc_layout":"related","related":{"sections_settings":{"section_id":"","section_background":false,"section_padding":"base"},"title":"<h2 class=\"sk-text--h3\">Art\u00edculos destacados<\/h2>","archive_link_label":"Ver todos los art\u00edculos","show_latest_posts":true,"manually_selected_posts":null}},"13":{"acf_fc_layout":"divider","divider":{"section_background":false,"":null}},"14":{"acf_fc_layout":"events","events":{"sections_settings":{"section_id":"","section_background":false,"section_padding":"base"},"title":"Pr\u00f3ximos eventos","link":{"title":"Eventos","url":"https:\/\/evolutioneurope.eu\/es\/events\/","target":""},"show_latest_posts":false,"count_latest_posts":true,"manually_selected_posts":[7587,7597,7593]}},"15":{"acf_fc_layout":"cta","get_content_from_options_page":false,"cta":{"section_type":"bg","content":"<h2 style=\"text-align: center;\">\u00bfEst\u00e1s listo para conseguir tu financiaci\u00f3n?<\/h2>\r\n<p style=\"text-align: center;\">Te ayudamos a desarrollar todo el potencial de tu innovaci\u00f3n. Tanto si buscas subvenciones, financiaci\u00f3n privada o beneficios fiscales, nuestros expertos est\u00e1n listos para guiarte en cada paso del camino.<\/p>\r\n<p style=\"text-align: center;\"><a class=\"sk-btn sk-btn--secondary\" href=\"https:\/\/evolutioneurope.eu\/es\/asesoramiento-gratuito\/\">Obt\u00e9n tu consulta gratuita<\/a>\u00a0<a class=\"sk-btn\" href=\"https:\/\/evolutioneurope.eu\/es\/contact\/\">Cont\u00e1ctanos hoy<\/a><\/p>","section_id":"","image":null,"video_type":"mp4","upload_video":null,"video_id":"","video_placeholder":null}}}},"yoast_head":"<!-- This site is optimized with the Yoast SEO Premium plugin v27.3 (Yoast SEO v27.3) - https:\/\/yoast.com\/product\/yoast-seo-premium-wordpress\/ -->\n<title>Inicio - Evolution Europe - Impulsando la innovaci\u00f3n<\/title>\n<meta name=\"description\" content=\"Evolution Europe es una consultor\u00eda de I+D+i para entidades innovadoras (startups, pymes y grandes empresas) | 25 a\u00f1os | 250M\u20ac captados\" \/>\n<meta name=\"robots\" content=\"index, follow, max-snippet:-1, max-image-preview:large, max-video-preview:-1\" \/>\n<link rel=\"canonical\" href=\"https:\/\/evolutioneurope.eu\/es\/\" \/>\n<meta property=\"og:locale\" content=\"es_ES\" \/>\n<meta property=\"og:type\" content=\"article\" \/>\n<meta property=\"og:title\" content=\"Inicio - Evolution Europe - Impulsando la innovaci\u00f3n\" \/>\n<meta property=\"og:description\" content=\"Evolution Europe es una consultor\u00eda de I+D+i para entidades innovadoras (startups, pymes y grandes empresas) | 25 a\u00f1os | 250M\u20ac captados\" \/>\n<meta property=\"og:url\" content=\"https:\/\/evolutioneurope.eu\/es\/\" \/>\n<meta property=\"og:site_name\" content=\"evolution-europe\" \/>\n<meta property=\"article:modified_time\" content=\"2026-03-25T14:33:14+00:00\" \/>\n<meta name=\"twitter:card\" content=\"summary_large_image\" \/>\n<script type=\"application\/ld+json\" class=\"yoast-schema-graph\">{\"@context\":\"https:\\\/\\\/schema.org\",\"@graph\":[{\"@type\":\"WebPage\",\"@id\":\"https:\\\/\\\/evolutioneurope.eu\\\/es\\\/\",\"url\":\"https:\\\/\\\/evolutioneurope.eu\\\/es\\\/\",\"name\":\"Inicio - Evolution Europe - Impulsando la innovaci\u00f3n\",\"isPartOf\":{\"@id\":\"https:\\\/\\\/evolutioneurope.eu\\\/es\\\/#website\"},\"datePublished\":\"2025-08-28T15:21:10+00:00\",\"dateModified\":\"2026-03-25T14:33:14+00:00\",\"description\":\"Evolution Europe es una consultor\u00eda de I+D+i para entidades innovadoras (startups, pymes y grandes empresas) | 25 a\u00f1os | 250M\u20ac captados\",\"breadcrumb\":{\"@id\":\"https:\\\/\\\/evolutioneurope.eu\\\/es\\\/#breadcrumb\"},\"inLanguage\":\"es\",\"potentialAction\":[{\"@type\":\"ReadAction\",\"target\":[\"https:\\\/\\\/evolutioneurope.eu\\\/es\\\/\"]}]},{\"@type\":\"BreadcrumbList\",\"@id\":\"https:\\\/\\\/evolutioneurope.eu\\\/es\\\/#breadcrumb\",\"itemListElement\":[{\"@type\":\"ListItem\",\"position\":1,\"name\":\"Home\",\"item\":\"https:\\\/\\\/evolutioneurope.eu\\\/es\\\/\"},{\"@type\":\"ListItem\",\"position\":2,\"name\":\"Inicio &#8211; Evolution Europe &#8211; Impulsando la innovaci\u00f3n\"}]},{\"@type\":\"WebSite\",\"@id\":\"https:\\\/\\\/evolutioneurope.eu\\\/es\\\/#website\",\"url\":\"https:\\\/\\\/evolutioneurope.eu\\\/es\\\/\",\"name\":\"evolution-europe\",\"description\":\"\",\"publisher\":{\"@id\":\"https:\\\/\\\/evolutioneurope.eu\\\/es\\\/#organization\"},\"potentialAction\":[{\"@type\":\"SearchAction\",\"target\":{\"@type\":\"EntryPoint\",\"urlTemplate\":\"https:\\\/\\\/evolutioneurope.eu\\\/es\\\/?s={search_term_string}\"},\"query-input\":{\"@type\":\"PropertyValueSpecification\",\"valueRequired\":true,\"valueName\":\"search_term_string\"}}],\"inLanguage\":\"es\"},{\"@type\":\"Organization\",\"@id\":\"https:\\\/\\\/evolutioneurope.eu\\\/es\\\/#organization\",\"name\":\"Evolution Europe\",\"url\":\"https:\\\/\\\/evolutioneurope.eu\\\/es\\\/\",\"logo\":{\"@type\":\"ImageObject\",\"inLanguage\":\"es\",\"@id\":\"https:\\\/\\\/evolutioneurope.eu\\\/es\\\/#\\\/schema\\\/logo\\\/image\\\/\",\"url\":\"https:\\\/\\\/evolutioneurope.eu\\\/wp-content\\\/uploads\\\/2026\\\/04\\\/social-share-image-2000x1600-1.jpg\",\"contentUrl\":\"https:\\\/\\\/evolutioneurope.eu\\\/wp-content\\\/uploads\\\/2026\\\/04\\\/social-share-image-2000x1600-1.jpg\",\"width\":2000,\"height\":1600,\"caption\":\"Evolution Europe\"},\"image\":{\"@id\":\"https:\\\/\\\/evolutioneurope.eu\\\/es\\\/#\\\/schema\\\/logo\\\/image\\\/\"}}]}<\/script>\n<!-- \/ Yoast SEO Premium plugin. -->","yoast_head_json":{"title":"Inicio - Evolution Europe - Impulsando la innovaci\u00f3n","description":"Evolution Europe es una consultor\u00eda de I+D+i para entidades innovadoras (startups, pymes y grandes empresas) | 25 a\u00f1os | 250M\u20ac captados","robots":{"index":"index","follow":"follow","max-snippet":"max-snippet:-1","max-image-preview":"max-image-preview:large","max-video-preview":"max-video-preview:-1"},"canonical":"https:\/\/evolutioneurope.eu\/es\/","og_locale":"es_ES","og_type":"article","og_title":"Inicio - Evolution Europe - Impulsando la innovaci\u00f3n","og_description":"Evolution Europe es una consultor\u00eda de I+D+i para entidades innovadoras (startups, pymes y grandes empresas) | 25 a\u00f1os | 250M\u20ac captados","og_url":"https:\/\/evolutioneurope.eu\/es\/","og_site_name":"evolution-europe","article_modified_time":"2026-03-25T14:33:14+00:00","twitter_card":"summary_large_image","schema":{"@context":"https:\/\/schema.org","@graph":[{"@type":"WebPage","@id":"https:\/\/evolutioneurope.eu\/es\/","url":"https:\/\/evolutioneurope.eu\/es\/","name":"Inicio - Evolution Europe - Impulsando la innovaci\u00f3n","isPartOf":{"@id":"https:\/\/evolutioneurope.eu\/es\/#website"},"datePublished":"2025-08-28T15:21:10+00:00","dateModified":"2026-03-25T14:33:14+00:00","description":"Evolution Europe es una consultor\u00eda de I+D+i para entidades innovadoras (startups, pymes y grandes empresas) | 25 a\u00f1os | 250M\u20ac captados","breadcrumb":{"@id":"https:\/\/evolutioneurope.eu\/es\/#breadcrumb"},"inLanguage":"es","potentialAction":[{"@type":"ReadAction","target":["https:\/\/evolutioneurope.eu\/es\/"]}]},{"@type":"BreadcrumbList","@id":"https:\/\/evolutioneurope.eu\/es\/#breadcrumb","itemListElement":[{"@type":"ListItem","position":1,"name":"Home","item":"https:\/\/evolutioneurope.eu\/es\/"},{"@type":"ListItem","position":2,"name":"Inicio &#8211; Evolution Europe &#8211; Impulsando la innovaci\u00f3n"}]},{"@type":"WebSite","@id":"https:\/\/evolutioneurope.eu\/es\/#website","url":"https:\/\/evolutioneurope.eu\/es\/","name":"evolution-europe","description":"","publisher":{"@id":"https:\/\/evolutioneurope.eu\/es\/#organization"},"potentialAction":[{"@type":"SearchAction","target":{"@type":"EntryPoint","urlTemplate":"https:\/\/evolutioneurope.eu\/es\/?s={search_term_string}"},"query-input":{"@type":"PropertyValueSpecification","valueRequired":true,"valueName":"search_term_string"}}],"inLanguage":"es"},{"@type":"Organization","@id":"https:\/\/evolutioneurope.eu\/es\/#organization","name":"Evolution Europe","url":"https:\/\/evolutioneurope.eu\/es\/","logo":{"@type":"ImageObject","inLanguage":"es","@id":"https:\/\/evolutioneurope.eu\/es\/#\/schema\/logo\/image\/","url":"https:\/\/evolutioneurope.eu\/wp-content\/uploads\/2026\/04\/social-share-image-2000x1600-1.jpg","contentUrl":"https:\/\/evolutioneurope.eu\/wp-content\/uploads\/2026\/04\/social-share-image-2000x1600-1.jpg","width":2000,"height":1600,"caption":"Evolution Europe"},"image":{"@id":"https:\/\/evolutioneurope.eu\/es\/#\/schema\/logo\/image\/"}}]}},"_links":{"self":[{"href":"https:\/\/evolutioneurope.eu\/es\/wp-json\/wp\/v2\/pages\/649","targetHints":{"allow":["GET"]}}],"collection":[{"href":"https:\/\/evolutioneurope.eu\/es\/wp-json\/wp\/v2\/pages"}],"about":[{"href":"https:\/\/evolutioneurope.eu\/es\/wp-json\/wp\/v2\/types\/page"}],"author":[{"embeddable":true,"href":"https:\/\/evolutioneurope.eu\/es\/wp-json\/wp\/v2\/users\/6"}],"replies":[{"embeddable":true,"href":"https:\/\/evolutioneurope.eu\/es\/wp-json\/wp\/v2\/comments?post=649"}],"version-history":[{"count":0,"href":"https:\/\/evolutioneurope.eu\/es\/wp-json\/wp\/v2\/pages\/649\/revisions"}],"wp:attachment":[{"href":"https:\/\/evolutioneurope.eu\/es\/wp-json\/wp\/v2\/media?parent=649"}],"curies":[{"name":"wp","href":"https:\/\/api.w.org\/{rel}","templated":true}]}}