{"id":6018,"date":"2025-10-28T14:16:31","date_gmt":"2025-10-28T14:16:31","guid":{"rendered":"https:\/\/mmevost.wpenginepowered.com\/?page_id=6018"},"modified":"2026-05-08T08:57:31","modified_gmt":"2026-05-08T08:57:31","slug":"beneficios-fiscales","status":"publish","type":"page","link":"https:\/\/evolutioneurope.eu\/es\/beneficios-fiscales\/","title":{"rendered":"Beneficios fiscales"},"content":{"rendered":"","protected":false},"excerpt":{"rendered":"","protected":false},"author":4,"featured_media":0,"parent":0,"menu_order":0,"comment_status":"closed","ping_status":"closed","template":"","meta":{"_acf_changed":false,"footnotes":""},"class_list":["post-6018","page","type-page","status-publish","hentry"],"acf":{"layouts":[{"acf_fc_layout":"breadcrumbs","breadcrumbs":{"section_background":false,"":null}},{"acf_fc_layout":"content_media","content_media":{"section_id":"","section_background":"bg-white","section_type":"image","media_position":true,"vertical_align_content":true,"content":"<h1 class=\"sk-text--h3\"><span class=\"sk-typo-mod-color-four\">Beneficios Fiscales \u2014<\/span> Servicios de asesoramiento en Espa\u00f1a para empresas innovadoras<\/h1>\r\n<p class=\"sk-text--lg\">Aprovecha al m\u00e1ximo tus incentivos fiscales clave en Espa\u00f1a para optimizar tu carga tributaria y recuperar la inversi\u00f3n en I+D: deducciones fiscales, bonificaciones de la Seguridad Social y el r\u00e9gimen fiscal especial para la propiedad intelectual.<\/p>\r\n<a class=\"sk-btn\" href=\"https:\/\/evolutioneurope.eu\/free-diagnostic-call\/\">Obt\u00e9n tu consulta gratuita<\/a>\r\n\r\n&nbsp;","image":5757,"use_pseudo":false,"video_type":"mp4","upload_video":null,"video_id":"","video_placeholder":null}},{"acf_fc_layout":"sub_navigation","sub_navigation":{"menu":[{"menu_link":{"title":"Beneficios","url":"#section-benefits","target":""}},{"menu_link":{"title":"Servicios de asesoramiento en Espa\u00f1a","url":"#section-spanish-advisory-services","target":""}},{"menu_link":{"title":"Gesti\u00f3n de proyectos","url":"#section-project-management","target":""}},{"menu_link":{"title":"Gu\u00eda de financiaci\u00f3n","url":"#section-guide","target":""}}],"button":{"title":"Contacto","url":"https:\/\/evolutioneurope.eu\/contact\/","target":""}}},{"acf_fc_layout":"content","content":{"sections_settings":{"section_id":"section-about","section_background":false,"section_padding":"medium"},"content":"<h2 class=\"sk-text--h3 sk-text--h4\" style=\"text-align: center;\"><span class=\"sk-typo-mod-color-four\">Si tu empresa innova en Espa\u00f1a, puedes reducir costes y recuperar parte de tu inversi\u00f3n en I+D gracias a potentes incentivos fiscales.<\/span><\/h2>\r\n<p class=\"sk-text--h5\" style=\"text-align: center;\">Te ayudamos a identificar las actividades elegibles, preparar la documentaci\u00f3n y presentar la solicitud de forma segura para que puedas maximizar tus ahorros.<\/p>"}},{"acf_fc_layout":"content_columns","content_columns":{"sections_settings":{"section_id":"section-benefits","section_background":false,"section_padding":"base"},"content":"","columns_count":"three","columns":[{"content":"<span class=\"sk-mb--0 sk-mb--32\"><img class=\"alignnone wp-image-5769 size-full\" role=\"img\" src=\"https:\/\/evolutioneurope.eu\/wp-content\/uploads\/2025\/10\/evo_tax_deductions.svg\" alt=\"\" width=\"64\" height=\"64\" \/><\/span>\r\n<h3 class=\"sk-text--h5\">Deducciones fiscales<\/h3>\r\nRecupera el 42 % de los gastos en I+D e innovaci\u00f3n tecnol\u00f3gica, con un aumento adicional del 17 % para el personal dedicado a I+D y del 8 % para los activos dedicados a I+D, incluso si su empresa no obtiene beneficios."},{"content":"<span class=\"sk-mb--32\"><img class=\"alignnone wp-image-5767 size-full\" role=\"img\" src=\"https:\/\/evolutioneurope.eu\/wp-content\/uploads\/2025\/10\/evo_social_security.svg\" alt=\"\" width=\"64\" height=\"64\" \/><\/span>\r\n<h3 class=\"sk-text--h5\">Bonificaciones de la Seguridad Social<\/h3>\r\nAhorra hasta un 40 % en contribuciones del empleador para el personal investigador, y se potencia con un 5% adicional acumulable si son mujeres (sin l\u00edmite de edad) o j\u00f3venes menores de 30 a\u00f1os, pudiendo llegar a un 50% total."},{"content":"<span class=\"sk-mb--0 sk-mb--32\"><img class=\"alignnone wp-image-5765 size-full\" role=\"img\" src=\"https:\/\/evolutioneurope.eu\/wp-content\/uploads\/2025\/10\/evo_patent_box.svg\" alt=\"\" width=\"64\" height=\"64\" \/><\/span>\r\n<h3 class=\"sk-text--h5\">Patent Box<\/h3>\r\nReduce tu base impositiva del impuesto sobre sociedades hasta un 60 % sobre los ingresos procedentes de activos intangibles."}]}},{"acf_fc_layout":"numbers","numbers":{"section_id":"","section_background":false,"numbers":[{"title":"25","content":"a\u00f1os de experiencia"},{"title":"+130","content":"clientes asesorados en deducciones fiscales al a\u00f1o"},{"title":"60+","content":"profesionales "},{"title":"15+ ","content":"sectores en los que tenemos experiencia"}]}},{"acf_fc_layout":"content_cards","content_cards":{"sections_settings":{"section_id":"section-spanish-advisory-services","section_background":false,"section_padding":"base"},"content":"<h3><span class=\"sk-typo-mod-color-four\">Descubre nuestros servicios de asesor\u00eda en Espa\u00f1a<\/span><\/h3>","columns_count":"three","columns":[{"image":5764,"content":"<h3 class=\"sk-text--h4\">Deducciones fiscales por I+D+i<\/h3>\r\n<ul class=\"sk-list-circle\">\r\n \t<li>Para los proyectos de I+D+i que cumplan los requisitos, la deducci\u00f3n fiscal puede alcanzar el 42 % de los gastos, con un 17 % adicional para el personal dedicado exclusivamente a I+i y un 8 % para los activos dedicados exclusivamente a I+D+i.<\/li>\r\n \t<li>Reducci\u00f3n de la deuda tributaria por el impuesto sobre sociedades o monetizaci\u00f3n del cr\u00e9dito si no hay beneficios.<\/li>\r\n \t<li>Aproveche las deducciones generadas durante hasta 18 a\u00f1os y recupere beneficios fiscales no aplicados en los \u00faltimos ejercicios, dentro del plazo legal de prescripci\u00f3n.<\/li>\r\n \t<li>Comb\u00ednalo con otras subvenciones (CDTI, AEI, ayudas regionales etc.) para obtener el m\u00e1ximo impacto.<\/li>\r\n \t<li>Garantiza la seguridad jur\u00eddica mediante un Informe Motivado Vinculante (IMV) del Ministerio de Ciencia.<\/li>\r\n<\/ul>","link":{"title":"Deducciones Fiscales por I+D+i","url":"https:\/\/evolutioneurope.eu\/es\/deducciones-fiscales-impuesto-sociedades-innovacion\/","target":""}},{"image":5762,"content":"<h3 class=\"sk-text--h4\">Bonificaci\u00f3n a la Seguridad Social por Personal Investigador<\/h3>\r\n<ul class=\"sk-list-circle\">\r\n \t<li>Reducci\u00f3n del 40 % en las cotizaciones a la Seguridad Social del empleador para los empleados dedicados \u00edntegramente a I+D+i.<\/li>\r\n \t<li>Hasta el 50% en el caso de j\u00f3venes investigadores por debajo de los 30 a\u00f1os (+5%) o si son mujeres investigadoras (+5%).<\/li>\r\n \t<li>Ahorro mensual inmediato aplicado directamente en las declaraciones de los seguros sociales.<\/li>\r\n \t<li>Totalmente compatible con las deducciones fiscales por I+D+i si su empresa cuenta con el Sello PYME Innovador<\/li>\r\n<\/ul>","link":{"title":"Bonificaci\u00f3n a la Seguridad Social por Personal Investigador","url":"https:\/\/evolutioneurope.eu\/es\/bonificacion-a-la-seguridad-social-por-personal-investigador\/","target":""}},{"image":5760,"content":"<h3 class=\"sk-text--h4\">Patent Box<\/h3>\r\n<ul class=\"sk-list-circle\">\r\n \t<li>Reduce tu tipo impositivo efectivo del impuesto sobre sociedades hasta un 10 %.<\/li>\r\n \t<li>Reducci\u00f3n de hasta el 60 % en la base imponible por ingresos procedentes de la concesi\u00f3n de licencias o la explotaci\u00f3n de activos intangibles (patentes, software, dise\u00f1os industriales).<\/li>\r\n \t<li>Implementaci\u00f3n sencilla: no es necesario activar el activo en el balance.\r\nPosibilidad de aplicaci\u00f3n retroactiva y compatible con otras ayudas (deducciones fiscales, ENISA, CDTI).<\/li>\r\n \t<li>Ideal para empresas que comercializan su propia tecnolog\u00eda.<\/li>\r\n<\/ul>","link":{"title":"Patent Box | El incentivo que maximiza y transforma tus activos intangibles en ahorro fiscal","url":"https:\/\/evolutioneurope.eu\/es\/patent-box\/","target":""}}]}},{"acf_fc_layout":"content_media","content_media":{"section_id":"section-project-management","section_background":"bg-white","section_type":"image","media_position":false,"vertical_align_content":false,"content":"<h3 class=\"sk-text--h4\"><span class=\"sk-typo-mod-color-four\">Gesti\u00f3n de proyectos<\/span><\/h3>\r\nNo solo identificamos incentivos, sino que gestionamos todo el proceso por usted:\r\n<ul class=\"sk-list-circle\">\r\n \t<li>An\u00e1lisis de elegibilidad t\u00e9cnica y fiscal.<\/li>\r\n \t<li>Preparaci\u00f3n de documentaci\u00f3n de apoyo e informes t\u00e9cnicos.<\/li>\r\n \t<li>Coordinaci\u00f3n con entidades acreditadas y con autoridades fiscales.<\/li>\r\n \t<li>Presentaci\u00f3n de informes motivados vinculantes cuando sea necesario.<\/li>\r\n \t<li>Defensa durante auditor\u00edas o revisiones fiscales.<\/li>\r\n<\/ul>\r\n<a class=\"sk-btn\" href=\"https:\/\/evolutioneurope.eu\/es\/gestion-de-proyectos\/\">M\u00e1s acerca de Gesti\u00f3n de proyectos<\/a>","image":5778,"use_pseudo":false,"video_type":"mp4","upload_video":null,"video_id":"","video_placeholder":null}},{"acf_fc_layout":"contacts","contacts":{"sections_settings":{"section_id":"section-guide","section_background":false,"section_padding":"base"},"content":"<img class=\"alignnone size-full wp-image-883\" src=\"https:\/\/evolutioneurope.eu\/wp-content\/uploads\/2025\/09\/magazine.png\" alt=\"\" width=\"434\" height=\"326\" \/>\r\n<h2 class=\"sk-text--h3\">Descarga nuestra <span class=\"sk-typo-mod-color-four\">Gu\u00eda de financiaci\u00f3n<\/span><\/h2>\r\n<ul class=\"sk-list-circle\">\r\n \t<li>C\u00f3mo combinar deducciones fiscales, bonificaciones de la Seguridad Social y patent box<\/li>\r\n \t<li>Procesos de solicitud paso a paso<\/li>\r\n \t<li>Marcos legales y compatibilidad con subvenciones<\/li>\r\n<\/ul>","form_title":"\u00a1Desc\u00e1rgala ahora y aumenta tus posibilidades de obtener financiaci\u00f3n!","content_alignment":"top","form":"[zohoForms src=https:\/\/zfrmz.eu\/pUBRpd3FK6IreyGklVRM width=100% height=500px\/]","form_type":"shortcode"}},{"acf_fc_layout":"cta","get_content_from_options_page":false,"cta":{"section_type":"bg","content":"<h2 style=\"text-align: center;\">\u00bfListo para reducir tu carga fiscal y\r\nrecuperar la inversi\u00f3n en I+D en Espa\u00f1a?<\/h2>\r\n<p style=\"text-align: center;\"><a class=\"sk-btn sk-btn--secondary\" href=\"https:\/\/evolutioneurope.eu\/free-diagnostic-call\/\">Obt\u00e9n tu consulta gratuita<\/a>\u00a0<a class=\"sk-btn\" href=\"https:\/\/evolutioneurope.eu\/contact\/\">Cont\u00e1ctanos hoy<\/a><\/p>","section_id":"","image":null,"video_type":"mp4","upload_video":null,"video_id":"","video_placeholder":null}}]},"yoast_head":"<!-- This site is optimized with the Yoast SEO Premium plugin v27.3 (Yoast SEO v27.3) - https:\/\/yoast.com\/product\/yoast-seo-premium-wordpress\/ -->\n<title>Beneficios fiscales - evolution-europe<\/title>\n<meta name=\"description\" content=\"Asesor\u00eda fiscal para empresas innovadoras en Espa\u00f1a: deducciones I+D+i, bonificaciones SS y Patent Box. Obt\u00e9n tu consulta gratuita.\" \/>\n<meta name=\"robots\" content=\"index, follow, max-snippet:-1, max-image-preview:large, max-video-preview:-1\" \/>\n<link rel=\"canonical\" href=\"https:\/\/evolutioneurope.eu\/es\/beneficios-fiscales\/\" \/>\n<meta property=\"og:locale\" content=\"es_ES\" \/>\n<meta property=\"og:type\" content=\"article\" \/>\n<meta property=\"og:title\" content=\"Beneficios fiscales\" \/>\n<meta property=\"og:description\" content=\"Asesor\u00eda fiscal para empresas innovadoras en Espa\u00f1a: deducciones I+D+i, bonificaciones SS y Patent Box. Obt\u00e9n tu consulta gratuita.\" \/>\n<meta property=\"og:url\" content=\"https:\/\/evolutioneurope.eu\/es\/beneficios-fiscales\/\" \/>\n<meta property=\"og:site_name\" content=\"evolution-europe\" \/>\n<meta property=\"article:modified_time\" content=\"2026-05-08T08:57:31+00:00\" \/>\n<meta property=\"og:image\" content=\"https:\/\/evolutioneurope.eu\/wp-content\/uploads\/2026\/05\/social-share-image.jpg\" \/>\n\t<meta property=\"og:image:width\" content=\"1200\" \/>\n\t<meta property=\"og:image:height\" content=\"800\" \/>\n\t<meta property=\"og:image:type\" content=\"image\/jpeg\" \/>\n<meta name=\"twitter:card\" content=\"summary_large_image\" \/>\n<script type=\"application\/ld+json\" class=\"yoast-schema-graph\">{\"@context\":\"https:\\\/\\\/schema.org\",\"@graph\":[{\"@type\":\"WebPage\",\"@id\":\"https:\\\/\\\/evolutioneurope.eu\\\/es\\\/beneficios-fiscales\\\/\",\"url\":\"https:\\\/\\\/evolutioneurope.eu\\\/es\\\/beneficios-fiscales\\\/\",\"name\":\"Beneficios fiscales - evolution-europe\",\"isPartOf\":{\"@id\":\"https:\\\/\\\/evolutioneurope.eu\\\/es\\\/#website\"},\"datePublished\":\"2025-10-28T14:16:31+00:00\",\"dateModified\":\"2026-05-08T08:57:31+00:00\",\"description\":\"Asesor\u00eda fiscal para empresas innovadoras en Espa\u00f1a: deducciones I+D+i, bonificaciones SS y Patent Box. Obt\u00e9n tu consulta gratuita.\",\"breadcrumb\":{\"@id\":\"https:\\\/\\\/evolutioneurope.eu\\\/es\\\/beneficios-fiscales\\\/#breadcrumb\"},\"inLanguage\":\"es\",\"potentialAction\":[{\"@type\":\"ReadAction\",\"target\":[\"https:\\\/\\\/evolutioneurope.eu\\\/es\\\/beneficios-fiscales\\\/\"]}]},{\"@type\":\"BreadcrumbList\",\"@id\":\"https:\\\/\\\/evolutioneurope.eu\\\/es\\\/beneficios-fiscales\\\/#breadcrumb\",\"itemListElement\":[{\"@type\":\"ListItem\",\"position\":1,\"name\":\"Home\",\"item\":\"https:\\\/\\\/evolutioneurope.eu\\\/es\\\/\"},{\"@type\":\"ListItem\",\"position\":2,\"name\":\"Beneficios fiscales\"}]},{\"@type\":\"WebSite\",\"@id\":\"https:\\\/\\\/evolutioneurope.eu\\\/es\\\/#website\",\"url\":\"https:\\\/\\\/evolutioneurope.eu\\\/es\\\/\",\"name\":\"evolution-europe\",\"description\":\"\",\"publisher\":{\"@id\":\"https:\\\/\\\/evolutioneurope.eu\\\/es\\\/#organization\"},\"potentialAction\":[{\"@type\":\"SearchAction\",\"target\":{\"@type\":\"EntryPoint\",\"urlTemplate\":\"https:\\\/\\\/evolutioneurope.eu\\\/es\\\/?s={search_term_string}\"},\"query-input\":{\"@type\":\"PropertyValueSpecification\",\"valueRequired\":true,\"valueName\":\"search_term_string\"}}],\"inLanguage\":\"es\"},{\"@type\":\"Organization\",\"@id\":\"https:\\\/\\\/evolutioneurope.eu\\\/es\\\/#organization\",\"name\":\"Evolution Europe\",\"url\":\"https:\\\/\\\/evolutioneurope.eu\\\/es\\\/\",\"logo\":{\"@type\":\"ImageObject\",\"inLanguage\":\"es\",\"@id\":\"https:\\\/\\\/evolutioneurope.eu\\\/es\\\/#\\\/schema\\\/logo\\\/image\\\/\",\"url\":\"https:\\\/\\\/evolutioneurope.eu\\\/wp-content\\\/uploads\\\/2026\\\/04\\\/social-share-image-2000x1600-1.jpg\",\"contentUrl\":\"https:\\\/\\\/evolutioneurope.eu\\\/wp-content\\\/uploads\\\/2026\\\/04\\\/social-share-image-2000x1600-1.jpg\",\"width\":2000,\"height\":1600,\"caption\":\"Evolution Europe\"},\"image\":{\"@id\":\"https:\\\/\\\/evolutioneurope.eu\\\/es\\\/#\\\/schema\\\/logo\\\/image\\\/\"}}]}<\/script>\n<!-- \/ Yoast SEO Premium plugin. -->","yoast_head_json":{"title":"Beneficios fiscales - evolution-europe","description":"Asesor\u00eda fiscal para empresas innovadoras en Espa\u00f1a: deducciones I+D+i, bonificaciones SS y Patent Box. Obt\u00e9n tu consulta gratuita.","robots":{"index":"index","follow":"follow","max-snippet":"max-snippet:-1","max-image-preview":"max-image-preview:large","max-video-preview":"max-video-preview:-1"},"canonical":"https:\/\/evolutioneurope.eu\/es\/beneficios-fiscales\/","og_locale":"es_ES","og_type":"article","og_title":"Beneficios fiscales","og_description":"Asesor\u00eda fiscal para empresas innovadoras en Espa\u00f1a: deducciones I+D+i, bonificaciones SS y Patent Box. Obt\u00e9n tu consulta gratuita.","og_url":"https:\/\/evolutioneurope.eu\/es\/beneficios-fiscales\/","og_site_name":"evolution-europe","article_modified_time":"2026-05-08T08:57:31+00:00","og_image":[{"width":1200,"height":800,"url":"https:\/\/evolutioneurope.eu\/wp-content\/uploads\/2026\/05\/social-share-image.jpg","type":"image\/jpeg"}],"twitter_card":"summary_large_image","schema":{"@context":"https:\/\/schema.org","@graph":[{"@type":"WebPage","@id":"https:\/\/evolutioneurope.eu\/es\/beneficios-fiscales\/","url":"https:\/\/evolutioneurope.eu\/es\/beneficios-fiscales\/","name":"Beneficios fiscales - evolution-europe","isPartOf":{"@id":"https:\/\/evolutioneurope.eu\/es\/#website"},"datePublished":"2025-10-28T14:16:31+00:00","dateModified":"2026-05-08T08:57:31+00:00","description":"Asesor\u00eda fiscal para empresas innovadoras en Espa\u00f1a: deducciones I+D+i, bonificaciones SS y Patent Box. Obt\u00e9n tu consulta gratuita.","breadcrumb":{"@id":"https:\/\/evolutioneurope.eu\/es\/beneficios-fiscales\/#breadcrumb"},"inLanguage":"es","potentialAction":[{"@type":"ReadAction","target":["https:\/\/evolutioneurope.eu\/es\/beneficios-fiscales\/"]}]},{"@type":"BreadcrumbList","@id":"https:\/\/evolutioneurope.eu\/es\/beneficios-fiscales\/#breadcrumb","itemListElement":[{"@type":"ListItem","position":1,"name":"Home","item":"https:\/\/evolutioneurope.eu\/es\/"},{"@type":"ListItem","position":2,"name":"Beneficios fiscales"}]},{"@type":"WebSite","@id":"https:\/\/evolutioneurope.eu\/es\/#website","url":"https:\/\/evolutioneurope.eu\/es\/","name":"evolution-europe","description":"","publisher":{"@id":"https:\/\/evolutioneurope.eu\/es\/#organization"},"potentialAction":[{"@type":"SearchAction","target":{"@type":"EntryPoint","urlTemplate":"https:\/\/evolutioneurope.eu\/es\/?s={search_term_string}"},"query-input":{"@type":"PropertyValueSpecification","valueRequired":true,"valueName":"search_term_string"}}],"inLanguage":"es"},{"@type":"Organization","@id":"https:\/\/evolutioneurope.eu\/es\/#organization","name":"Evolution Europe","url":"https:\/\/evolutioneurope.eu\/es\/","logo":{"@type":"ImageObject","inLanguage":"es","@id":"https:\/\/evolutioneurope.eu\/es\/#\/schema\/logo\/image\/","url":"https:\/\/evolutioneurope.eu\/wp-content\/uploads\/2026\/04\/social-share-image-2000x1600-1.jpg","contentUrl":"https:\/\/evolutioneurope.eu\/wp-content\/uploads\/2026\/04\/social-share-image-2000x1600-1.jpg","width":2000,"height":1600,"caption":"Evolution Europe"},"image":{"@id":"https:\/\/evolutioneurope.eu\/es\/#\/schema\/logo\/image\/"}}]}},"_links":{"self":[{"href":"https:\/\/evolutioneurope.eu\/es\/wp-json\/wp\/v2\/pages\/6018","targetHints":{"allow":["GET"]}}],"collection":[{"href":"https:\/\/evolutioneurope.eu\/es\/wp-json\/wp\/v2\/pages"}],"about":[{"href":"https:\/\/evolutioneurope.eu\/es\/wp-json\/wp\/v2\/types\/page"}],"author":[{"embeddable":true,"href":"https:\/\/evolutioneurope.eu\/es\/wp-json\/wp\/v2\/users\/4"}],"replies":[{"embeddable":true,"href":"https:\/\/evolutioneurope.eu\/es\/wp-json\/wp\/v2\/comments?post=6018"}],"version-history":[{"count":2,"href":"https:\/\/evolutioneurope.eu\/es\/wp-json\/wp\/v2\/pages\/6018\/revisions"}],"predecessor-version":[{"id":9402,"href":"https:\/\/evolutioneurope.eu\/es\/wp-json\/wp\/v2\/pages\/6018\/revisions\/9402"}],"wp:attachment":[{"href":"https:\/\/evolutioneurope.eu\/es\/wp-json\/wp\/v2\/media?parent=6018"}],"curies":[{"name":"wp","href":"https:\/\/api.w.org\/{rel}","templated":true}]}}