{"id":3947,"date":"2025-10-20T10:22:01","date_gmt":"2025-10-20T10:22:01","guid":{"rendered":"https:\/\/mmevost.wpenginepowered.com\/?page_id=3947"},"modified":"2026-02-12T21:40:11","modified_gmt":"2026-02-12T21:40:11","slug":"politica-de-cookies","status":"publish","type":"page","link":"https:\/\/evolutioneurope.eu\/es\/politica-de-cookies\/","title":{"rendered":"Cl\u00e1usula P\u00e1gina Web \u2013 Pol\u00edtica de Cookies"},"content":{"rendered":"","protected":false},"excerpt":{"rendered":"","protected":false},"author":8,"featured_media":0,"parent":0,"menu_order":0,"comment_status":"closed","ping_status":"closed","template":"","meta":{"_acf_changed":false,"footnotes":""},"class_list":["post-3947","page","type-page","status-publish","hentry"],"acf":{"layouts":[{"acf_fc_layout":"content","content":{"sections_settings":{"section_id":"","section_background":false,"section_padding":"base"},"content":"<h1>Cl\u00e1usula P\u00e1gina Web \u2013 Pol\u00edtica de Cookies<\/h1>\r\nEn cumplimiento de la Ley 34\/2002 de 11 de julio de Servicios de la Sociedad de la Informaci\u00f3n y de Comercio Electr\u00f3nico (LSSICE), te informamos de que este sitio web perteneciente a EVOLUTION EUROPE, SL utiliza cookies.\r\n<h3>Este sitio utiliza cookies<\/h3>\r\nLa LSSICE se aplica a cualquier clase de archivo o dispositivo que se descargue en el equipo terminal de un usuario con el fin de almacenar datos que podr\u00e1n ser actualizados y recuperados por la entidad responsable de su instalaci\u00f3n. Una cookie es uno de esos archivos de uso generalizado a los que denominaremos gen\u00e9ricamente como cookies.\r\n\r\nLas cookies (en castellano, galletas) son peque\u00f1os ficheros de texto enviados a un navegador desde un servidor web para registrar actividad del usuario en un sitio web, de modo que se pueda recuperar esa informaci\u00f3n con posterioridad durante la navegaci\u00f3n por las diferentes p\u00e1ginas que est\u00e9n conectadas al servidor que las instal\u00f3.\r\n\r\nLas cookies suelen almacenar informaci\u00f3n de car\u00e1cter t\u00e9cnico, preferencias personales, personalizaci\u00f3n de contenidos, estad\u00edsticas de uso, enlaces a redes sociales, acceso a cuentas de usuario, etc.\r\n<h3>Tipos de cookies<\/h3>\r\nA continuaci\u00f3n, se realiza una clasificaci\u00f3n de las cookies en funci\u00f3n de una serie de categor\u00edas. No obstante, es necesario tener en cuenta que una misma cookie puede estar incluida en m\u00e1s de una categor\u00eda.\r\n<h3>Seg\u00fan la entidad que las gestiona<\/h3>\r\n<ul>\r\n \t<li><strong>Cookies propias:<\/strong> Son aquellas que se env\u00edan al equipo terminal del usuario desde un equipo o dominio gestionado por el propio editor y desde el que se presta el servicio solicitado por el usuario.<\/li>\r\n \t<li><strong>Cookies de terceros:<\/strong> Son aquellas que se env\u00edan al equipo terminal del usuario desde un equipo o dominio que no es gestionado por el editor, sino por otra entidad que trata los datos obtenidos a trav\u00e9s de las cookies.<\/li>\r\n<\/ul>\r\nEn el caso de que las cookies sean instaladas desde un equipo o dominio gestionado por el propio editor, pero la informaci\u00f3n que se recoja mediante estas sea gestionada por un tercero, no son consideradas cookies propias.\r\n<h3>Seg\u00fan el plazo de tiempo que permanecen activadas<\/h3>\r\nSeg\u00fan el plazo de tiempo que permanecen activadas en el equipo terminal podemos distinguir:\r\n<ul>\r\n \t<li><strong>Cookies de sesi\u00f3n:<\/strong> Dise\u00f1adas para recabar y almacenar datos mientras el usuario accede a una p\u00e1gina web. Se suelen emplear para almacenar informaci\u00f3n que solo interesa conservar para la prestaci\u00f3n del servicio solicitado por el usuario en una sola ocasi\u00f3n (por ejemplo, una lista de productos adquiridos).<\/li>\r\n \t<li><strong>Cookies persistentes:<\/strong> Los datos siguen almacenados en el terminal y pueden ser accedidos y tratados durante un periodo definido por el responsable de la cookie, que puede ir de unos minutos a varios a\u00f1os.<\/li>\r\n<\/ul>\r\n<h3>Seg\u00fan su finalidad<\/h3>\r\nSeg\u00fan la finalidad para la que se traten los datos obtenidos a trav\u00e9s de las cookies, podemos distinguir entre:\r\n<ul>\r\n \t<li><strong>Cookies t\u00e9cnicas:<\/strong> Permiten al usuario la navegaci\u00f3n a trav\u00e9s de una p\u00e1gina web, plataforma o aplicaci\u00f3n y la utilizaci\u00f3n de las diferentes opciones o servicios que en ella existan como controlar el tr\u00e1fico, identificar la sesi\u00f3n, acceder a zonas restringidas, recordar elementos de un pedido, realizar compras, participar en eventos, utilizar elementos de seguridad, almacenar contenidos multimedia o compartir en redes sociales.<\/li>\r\n \t<li><strong>Cookies de personalizaci\u00f3n:<\/strong> Permiten al usuario acceder al servicio con caracter\u00edsticas generales predefinidas como el idioma, tipo de navegador o configuraci\u00f3n regional.<\/li>\r\n \t<li><strong>Cookies de an\u00e1lisis:<\/strong> Permiten al responsable el seguimiento y an\u00e1lisis del comportamiento de los usuarios, elaborando perfiles de navegaci\u00f3n y mejorando la oferta del servicio.<\/li>\r\n \t<li><strong>Cookies publicitarias:<\/strong> Permiten la gesti\u00f3n eficaz de los espacios publicitarios en funci\u00f3n del contenido o la frecuencia de los anuncios.<\/li>\r\n \t<li><strong>Cookies de publicidad comportamental:<\/strong> Permiten la gesti\u00f3n de espacios publicitarios mediante la observaci\u00f3n continuada de los h\u00e1bitos de navegaci\u00f3n del usuario, desarrollando un perfil espec\u00edfico para mostrar publicidad en funci\u00f3n del mismo.<\/li>\r\n<\/ul>\r\n<h3>C\u00f3mo desactivar las cookies en los principales navegadores web<\/h3>\r\nPara configurar el uso de cookies, sigue las instrucciones correspondientes a tu navegador o consulta su ayuda:\r\n<ul>\r\n \t<li>Safari<\/li>\r\n \t<li>Firefox<\/li>\r\n \t<li>Chrome<\/li>\r\n \t<li>Opera<\/li>\r\n \t<li>Internet Explorer<\/li>\r\n \t<li>Edge<\/li>\r\n<\/ul>\r\n<h3>Qu\u00e9 sucede si no se aceptan las cookies<\/h3>\r\nEl rechazo de las cookies puede impedir el acceso a contenidos y servicios personalizados.\r\n<h3>Cookies utilizadas en este sitio web<\/h3>\r\n<article class=\"text-token-text-primary w-full focus:outline-none [--shadow-height:45px] has-data-writing-block:pointer-events-none has-data-writing-block:-mt-(--shadow-height) has-data-writing-block:pt-(--shadow-height) [&amp;:has([data-writing-block])&gt;*]:pointer-events-auto scroll-mt-(--header-height)\" dir=\"auto\" tabindex=\"-1\" data-turn-id=\"1008eec9-e583-4e69-8581-b4cf44502b21\" data-testid=\"conversation-turn-111\" data-scroll-anchor=\"false\" data-turn=\"user\"><\/article><article class=\"text-token-text-primary w-full focus:outline-none [--shadow-height:45px] has-data-writing-block:pointer-events-none has-data-writing-block:-mt-(--shadow-height) has-data-writing-block:pt-(--shadow-height) [&amp;:has([data-writing-block])&gt;*]:pointer-events-auto scroll-mt-[calc(var(--header-height)+min(200px,max(70px,20svh)))]\" dir=\"auto\" tabindex=\"-1\" data-turn-id=\"request-69772ef2-bdb8-8325-91b5-3582f9b15f59-2\" data-testid=\"conversation-turn-112\" data-scroll-anchor=\"true\" data-turn=\"assistant\">\r\n<div class=\"text-base my-auto mx-auto pb-10 [--thread-content-margin:--spacing(4)] @w-sm\/main:[--thread-content-margin:--spacing(6)] @w-lg\/main:[--thread-content-margin:--spacing(16)] px-(--thread-content-margin)\">\r\n<div class=\"[--thread-content-max-width:40rem] @w-lg\/main:[--thread-content-max-width:48rem] mx-auto max-w-(--thread-content-max-width) flex-1 group\/turn-messages focus-visible:outline-hidden relative flex w-full min-w-0 flex-col agent-turn\" tabindex=\"-1\">\r\n<div class=\"flex max-w-full flex-col grow\">\r\n<div class=\"min-h-8 text-message relative flex w-full flex-col items-end gap-2 text-start break-words whitespace-normal [.text-message+&amp;]:mt-1\" dir=\"auto\" data-message-author-role=\"assistant\" data-message-id=\"8cd4edd5-b4ac-4dfc-b37a-5a4b5d759b91\" data-message-model-slug=\"gpt-5-2\">\r\n<div class=\"flex w-full flex-col gap-1 empty:hidden first:pt-[1px]\">\r\n<div class=\"markdown prose dark:prose-invert w-full wrap-break-word light markdown-new-styling\">\r\n<p data-start=\"0\" data-end=\"222\">Este sitio web utiliza cookies propias y de terceros con fines t\u00e9cnicos, anal\u00edticos y funcionales. Las cookies espec\u00edficas en uso pueden variar en funci\u00f3n de las actualizaciones del sitio web y de los servicios integrados.<\/p>\r\n<p data-start=\"224\" data-end=\"418\">Para garantizar la m\u00e1xima transparencia, proporcionamos un informe de cookies actualizado din\u00e1micamente, que se renueva autom\u00e1ticamente cada mes en base a un nuevo an\u00e1lisis de nuestro sitio web.<\/p>\r\n<p data-start=\"420\" data-end=\"563\">Puede consultar el informe detallado m\u00e1s reciente aqu\u00ed:<br data-start=\"475\" data-end=\"478\" \/><a class=\"decorated-link\" href=\"https:\/\/cookie-script.com\/cookie-report?identifier=50296a9d1eaa4048acd3ccf4da1da9f3\" target=\"_blank\" rel=\"noopener\" data-start=\"478\" data-end=\"561\">https:\/\/cookie-script.com\/cookie-report?identifier=50296a9d1eaa4048acd3ccf4da1da9f3<\/a><\/p>\r\n<p data-start=\"565\" data-end=\"604\">Este informe incluye informaci\u00f3n sobre:<\/p>\r\n\r\n<ul>\r\n \t<li data-start=\"608\" data-end=\"629\">Nombre de la cookie<\/li>\r\n \t<li data-start=\"632\" data-end=\"643\">Proveedor<\/li>\r\n \t<li data-start=\"646\" data-end=\"657\">Finalidad<\/li>\r\n \t<li data-start=\"660\" data-end=\"670\">Duraci\u00f3n<\/li>\r\n \t<li data-start=\"673\" data-end=\"722\">Tipo (necesarias, anal\u00edticas, de marketing, etc.)<\/li>\r\n<\/ul>\r\n<p data-start=\"724\" data-end=\"836\" data-is-last-node=\"\" data-is-only-node=\"\">Recomendamos revisar este informe peri\u00f3dicamente para mantenerse informado sobre las cookies actualmente en uso.<\/p>\r\n\r\n<\/div>\r\n<\/div>\r\n<\/div>\r\n<\/div>\r\n<\/div>\r\n<\/div>\r\n<\/article>\r\n<h3>Actualizaciones y modificaciones en la pol\u00edtica de cookies<\/h3>\r\nEVOLUTION EUROPE, SL puede modificar esta pol\u00edtica de cookies en funci\u00f3n de las exigencias legislativas o reglamentarias, o para adaptarla a las instrucciones dictadas por la Agencia Espa\u00f1ola de Protecci\u00f3n de Datos, por cuestiones t\u00e9cnicas o de reorganizaci\u00f3n de la web. Te aconsejamos que la revises peri\u00f3dicamente.\r\n<h3>Contacto<\/h3>\r\nPara resolver cualquier duda sobre c\u00f3mo utilizamos las cookies, escr\u00edbenos a <a href=\"mailto:administracion@evolutioneurope.eu\">administracion@evolutioneurope.eu<\/a>\r\n\r\n<hr \/>\r\n\r\n<small>\r\nSIGMA CONSULTOR\u00cdA LEGAL S.L. \u2014 B16881013 \u2014 C\/Collado de Marichiva 2 1A, 28035 Madrid\r\nRegistro Mercantil Madrid Inscr.: Tomo 42328, Folio 96, Hoja M-749238\r\n<\/small>"}}]},"yoast_head":"<!-- This site is optimized with the Yoast SEO Premium plugin v26.5 (Yoast SEO v27.3) - https:\/\/yoast.com\/product\/yoast-seo-premium-wordpress\/ -->\n<title>Cl\u00e1usula P\u00e1gina Web \u2013 Pol\u00edtica de Cookies - evolution-europe<\/title>\n<meta name=\"description\" content=\"Pol\u00edtica de Cookies de Evolution Europe SL. Consulta qu\u00e9 cookies usamos, su finalidad y c\u00f3mo gestionarlas o desactivarlas seg\u00fan la LSSICE.\" \/>\n<meta name=\"robots\" content=\"index, follow, max-snippet:-1, max-image-preview:large, max-video-preview:-1\" \/>\n<link rel=\"canonical\" href=\"https:\/\/evolutioneurope.eu\/es\/politica-de-cookies\/\" \/>\n<meta property=\"og:locale\" content=\"es_ES\" \/>\n<meta property=\"og:type\" content=\"article\" \/>\n<meta property=\"og:title\" content=\"Cl\u00e1usula P\u00e1gina Web \u2013 Pol\u00edtica de Cookies\" \/>\n<meta property=\"og:description\" content=\"Pol\u00edtica de Cookies de Evolution Europe SL. Consulta qu\u00e9 cookies usamos, su finalidad y c\u00f3mo gestionarlas o desactivarlas seg\u00fan la LSSICE.\" \/>\n<meta property=\"og:url\" content=\"https:\/\/evolutioneurope.eu\/es\/politica-de-cookies\/\" \/>\n<meta property=\"og:site_name\" content=\"evolution-europe\" \/>\n<meta property=\"article:modified_time\" content=\"2026-02-12T21:40:11+00:00\" \/>\n<meta name=\"twitter:card\" content=\"summary_large_image\" \/>\n<script type=\"application\/ld+json\" class=\"yoast-schema-graph\">{\"@context\":\"https:\\\/\\\/schema.org\",\"@graph\":[{\"@type\":\"WebPage\",\"@id\":\"https:\\\/\\\/evolutioneurope.eu\\\/es\\\/politica-de-cookies\\\/\",\"url\":\"https:\\\/\\\/evolutioneurope.eu\\\/es\\\/politica-de-cookies\\\/\",\"name\":\"Cl\u00e1usula P\u00e1gina Web \u2013 Pol\u00edtica de Cookies - evolution-europe\",\"isPartOf\":{\"@id\":\"https:\\\/\\\/evolutioneurope.eu\\\/es\\\/#website\"},\"datePublished\":\"2025-10-20T10:22:01+00:00\",\"dateModified\":\"2026-02-12T21:40:11+00:00\",\"description\":\"Pol\u00edtica de Cookies de Evolution Europe SL. Consulta qu\u00e9 cookies usamos, su finalidad y c\u00f3mo gestionarlas o desactivarlas seg\u00fan la LSSICE.\",\"breadcrumb\":{\"@id\":\"https:\\\/\\\/evolutioneurope.eu\\\/es\\\/politica-de-cookies\\\/#breadcrumb\"},\"inLanguage\":\"es\",\"potentialAction\":[{\"@type\":\"ReadAction\",\"target\":[\"https:\\\/\\\/evolutioneurope.eu\\\/es\\\/politica-de-cookies\\\/\"]}]},{\"@type\":\"BreadcrumbList\",\"@id\":\"https:\\\/\\\/evolutioneurope.eu\\\/es\\\/politica-de-cookies\\\/#breadcrumb\",\"itemListElement\":[{\"@type\":\"ListItem\",\"position\":1,\"name\":\"Home\",\"item\":\"https:\\\/\\\/evolutioneurope.eu\\\/es\\\/\"},{\"@type\":\"ListItem\",\"position\":2,\"name\":\"Cl\u00e1usula P\u00e1gina Web \u2013 Pol\u00edtica de Cookies\"}]},{\"@type\":\"WebSite\",\"@id\":\"https:\\\/\\\/evolutioneurope.eu\\\/es\\\/#website\",\"url\":\"https:\\\/\\\/evolutioneurope.eu\\\/es\\\/\",\"name\":\"evolution-europe\",\"description\":\"\",\"publisher\":{\"@id\":\"https:\\\/\\\/evolutioneurope.eu\\\/es\\\/#organization\"},\"potentialAction\":[{\"@type\":\"SearchAction\",\"target\":{\"@type\":\"EntryPoint\",\"urlTemplate\":\"https:\\\/\\\/evolutioneurope.eu\\\/es\\\/?s={search_term_string}\"},\"query-input\":{\"@type\":\"PropertyValueSpecification\",\"valueRequired\":true,\"valueName\":\"search_term_string\"}}],\"inLanguage\":\"es\"},{\"@type\":\"Organization\",\"@id\":\"https:\\\/\\\/evolutioneurope.eu\\\/es\\\/#organization\",\"name\":\"Evolution Europe\",\"url\":\"https:\\\/\\\/evolutioneurope.eu\\\/es\\\/\",\"logo\":{\"@type\":\"ImageObject\",\"inLanguage\":\"es\",\"@id\":\"https:\\\/\\\/evolutioneurope.eu\\\/es\\\/#\\\/schema\\\/logo\\\/image\\\/\",\"url\":\"https:\\\/\\\/evolutioneurope.eu\\\/wp-content\\\/uploads\\\/2026\\\/04\\\/social-share-image-2000x1600-1.jpg\",\"contentUrl\":\"https:\\\/\\\/evolutioneurope.eu\\\/wp-content\\\/uploads\\\/2026\\\/04\\\/social-share-image-2000x1600-1.jpg\",\"width\":2000,\"height\":1600,\"caption\":\"Evolution Europe\"},\"image\":{\"@id\":\"https:\\\/\\\/evolutioneurope.eu\\\/es\\\/#\\\/schema\\\/logo\\\/image\\\/\"}}]}<\/script>\n<!-- \/ Yoast SEO Premium plugin. -->","yoast_head_json":{"title":"Cl\u00e1usula P\u00e1gina Web \u2013 Pol\u00edtica de Cookies - evolution-europe","description":"Pol\u00edtica de Cookies de Evolution Europe SL. Consulta qu\u00e9 cookies usamos, su finalidad y c\u00f3mo gestionarlas o desactivarlas seg\u00fan la LSSICE.","robots":{"index":"index","follow":"follow","max-snippet":"max-snippet:-1","max-image-preview":"max-image-preview:large","max-video-preview":"max-video-preview:-1"},"canonical":"https:\/\/evolutioneurope.eu\/es\/politica-de-cookies\/","og_locale":"es_ES","og_type":"article","og_title":"Cl\u00e1usula P\u00e1gina Web \u2013 Pol\u00edtica de Cookies","og_description":"Pol\u00edtica de Cookies de Evolution Europe SL. Consulta qu\u00e9 cookies usamos, su finalidad y c\u00f3mo gestionarlas o desactivarlas seg\u00fan la LSSICE.","og_url":"https:\/\/evolutioneurope.eu\/es\/politica-de-cookies\/","og_site_name":"evolution-europe","article_modified_time":"2026-02-12T21:40:11+00:00","twitter_card":"summary_large_image","schema":{"@context":"https:\/\/schema.org","@graph":[{"@type":"WebPage","@id":"https:\/\/evolutioneurope.eu\/es\/politica-de-cookies\/","url":"https:\/\/evolutioneurope.eu\/es\/politica-de-cookies\/","name":"Cl\u00e1usula P\u00e1gina Web \u2013 Pol\u00edtica de Cookies - evolution-europe","isPartOf":{"@id":"https:\/\/evolutioneurope.eu\/es\/#website"},"datePublished":"2025-10-20T10:22:01+00:00","dateModified":"2026-02-12T21:40:11+00:00","description":"Pol\u00edtica de Cookies de Evolution Europe SL. Consulta qu\u00e9 cookies usamos, su finalidad y c\u00f3mo gestionarlas o desactivarlas seg\u00fan la LSSICE.","breadcrumb":{"@id":"https:\/\/evolutioneurope.eu\/es\/politica-de-cookies\/#breadcrumb"},"inLanguage":"es","potentialAction":[{"@type":"ReadAction","target":["https:\/\/evolutioneurope.eu\/es\/politica-de-cookies\/"]}]},{"@type":"BreadcrumbList","@id":"https:\/\/evolutioneurope.eu\/es\/politica-de-cookies\/#breadcrumb","itemListElement":[{"@type":"ListItem","position":1,"name":"Home","item":"https:\/\/evolutioneurope.eu\/es\/"},{"@type":"ListItem","position":2,"name":"Cl\u00e1usula P\u00e1gina Web \u2013 Pol\u00edtica de Cookies"}]},{"@type":"WebSite","@id":"https:\/\/evolutioneurope.eu\/es\/#website","url":"https:\/\/evolutioneurope.eu\/es\/","name":"evolution-europe","description":"","publisher":{"@id":"https:\/\/evolutioneurope.eu\/es\/#organization"},"potentialAction":[{"@type":"SearchAction","target":{"@type":"EntryPoint","urlTemplate":"https:\/\/evolutioneurope.eu\/es\/?s={search_term_string}"},"query-input":{"@type":"PropertyValueSpecification","valueRequired":true,"valueName":"search_term_string"}}],"inLanguage":"es"},{"@type":"Organization","@id":"https:\/\/evolutioneurope.eu\/es\/#organization","name":"Evolution Europe","url":"https:\/\/evolutioneurope.eu\/es\/","logo":{"@type":"ImageObject","inLanguage":"es","@id":"https:\/\/evolutioneurope.eu\/es\/#\/schema\/logo\/image\/","url":"https:\/\/evolutioneurope.eu\/wp-content\/uploads\/2026\/04\/social-share-image-2000x1600-1.jpg","contentUrl":"https:\/\/evolutioneurope.eu\/wp-content\/uploads\/2026\/04\/social-share-image-2000x1600-1.jpg","width":2000,"height":1600,"caption":"Evolution Europe"},"image":{"@id":"https:\/\/evolutioneurope.eu\/es\/#\/schema\/logo\/image\/"}}]}},"_links":{"self":[{"href":"https:\/\/evolutioneurope.eu\/es\/wp-json\/wp\/v2\/pages\/3947","targetHints":{"allow":["GET"]}}],"collection":[{"href":"https:\/\/evolutioneurope.eu\/es\/wp-json\/wp\/v2\/pages"}],"about":[{"href":"https:\/\/evolutioneurope.eu\/es\/wp-json\/wp\/v2\/types\/page"}],"author":[{"embeddable":true,"href":"https:\/\/evolutioneurope.eu\/es\/wp-json\/wp\/v2\/users\/8"}],"replies":[{"embeddable":true,"href":"https:\/\/evolutioneurope.eu\/es\/wp-json\/wp\/v2\/comments?post=3947"}],"version-history":[{"count":0,"href":"https:\/\/evolutioneurope.eu\/es\/wp-json\/wp\/v2\/pages\/3947\/revisions"}],"wp:attachment":[{"href":"https:\/\/evolutioneurope.eu\/es\/wp-json\/wp\/v2\/media?parent=3947"}],"curies":[{"name":"wp","href":"https:\/\/api.w.org\/{rel}","templated":true}]}}