{"id":1018,"date":"2025-09-12T09:29:24","date_gmt":"2025-09-12T09:29:24","guid":{"rendered":"https:\/\/mmevost.wpenginepowered.com\/free-diagnostic-call\/"},"modified":"2026-04-06T10:06:59","modified_gmt":"2026-04-06T10:06:59","slug":"asesoramiento-gratuito","status":"publish","type":"page","link":"https:\/\/evolutioneurope.eu\/es\/asesoramiento-gratuito\/","title":{"rendered":"Asesoramiento gratuito"},"content":{"rendered":"","protected":false},"excerpt":{"rendered":"","protected":false},"author":6,"featured_media":0,"parent":0,"menu_order":0,"comment_status":"closed","ping_status":"closed","template":"","meta":{"_acf_changed":false,"footnotes":""},"class_list":["post-1018","page","type-page","status-publish","hentry"],"acf":{"layouts":[{"acf_fc_layout":"breadcrumbs","breadcrumbs":{"section_background":false,"":null}},{"acf_fc_layout":"contacts","contacts":{"sections_settings":{"section_id":"","section_background":false,"section_padding":"base"},"content":"<img class=\"alignnone size-full wp-image-430\" src=\"https:\/\/evolutioneurope.eu\/wp-content\/uploads\/2025\/09\/contact.png\" alt=\"\" width=\"103\" height=\"103\" \/>\r\n<h1 class=\"sk-text--h5\"><span class=\"sk-typo-mod-color-two\">\u00bfNo est\u00e1s seguro de qu\u00e9 financiaci\u00f3n se ajusta a tu proyecto? No hay problema.<\/span><\/h1>\r\n<h1 class=\"sk-text--h5\"><span class=\"sk-typo-mod-color-two\">Nuestra <\/span><span class=\"sk-typo-mod-color-four\">consulta gratuita<\/span><span class=\"sk-typo-mod-color-two\"> es una forma r\u00e1pida y sin compromiso de explorar las oportunidades disponibles.<\/span><\/h1>\r\n<ul class=\"sk-list-circle\">\r\n \t<li>Sin obligaciones, solo consejos sinceros adaptados a su proyecto.<\/li>\r\n \t<li>Informaci\u00f3n r\u00e1pida sobre subvenciones, programas de financiaci\u00f3n y ventajas fiscales.<\/li>\r\n \t<li>Hable directamente con un experto que conoce su sector.<\/li>\r\n<\/ul>\r\n&nbsp;\r\n<h2 class=\"sk-text--h5\">Informaci\u00f3n de contacto<\/h2>\r\nC\/ Consuegra 7, 28036 Madrid \u2013 Espa\u00f1a\r\n<a class=\"copy-link\" href=\"mailto:info@evolutioneurope.eu\">info@evolutioneurope.eu<\/a>\r\n\r\n<a href=\"tel:+34 915 91 91 38\">+34 915 91 91 38<\/a>\r\n<a href=\"https:\/\/www.linkedin.com\/company\/evolution-europe-consultancy\/\" target=\"_blank\" rel=\"noopener\">LinkedIn<\/a>","form_title":"Rellena el formulario para programar una llamada.","content_alignment":"top","form":"<iframe aria-label='New Web - Diagnostic call form - ES' frameborder=\"0\" style=\"height:1000px;width:100%;border:none;\" src='https:\/\/zfrmz.eu\/1pkR3YIvSU9GCAGKD71e'><\/iframe>","form_type":"shortcode"}},{"acf_fc_layout":"content_columns","content_columns":{"sections_settings":{"section_id":"","section_background":false,"section_padding":"base"},"content":"<h2 class=\"sk-text--h4\" style=\"text-align: center;\"><span class=\"sk-typo-mod-color-two\">Lo que obtienes con tu<\/span> <span class=\"sk-typo-mod-color-four\">consulta diagn\u00f3stica gratuita<\/span><\/h2>","columns_count":"four","columns":[{"content":"<span class=\"sk-mb--32\"><img class=\"alignnone wp-image-1138 size-full\" role=\"img\" src=\"https:\/\/evolutioneurope.eu\/wp-content\/uploads\/2025\/09\/tailored-funding-insights.svg\" alt=\"\" width=\"64\" height=\"64\" \/><\/span>\r\n<h3 class=\"sk-text--h5\"><span class=\"sk-mb--8\">Informaci\u00f3n personalizada sobre financiaci\u00f3n<\/span><\/h3>\r\nIdentificamos subvenciones, programas de financiaci\u00f3n y beneficios fiscales que se ajustan a su proyecto."},{"content":"<span class=\"sk-mb--32\"><img class=\"alignnone wp-image-1120 size-full\" role=\"img\" src=\"https:\/\/evolutioneurope.eu\/wp-content\/uploads\/2025\/09\/expert-advice.svg\" alt=\"\" width=\"64\" height=\"64\" \/><\/span>\r\n<h3 class=\"sk-text--h5\"><span class=\"sk-mb--8\">Asesoramiento experto<\/span><\/h3>\r\nAcceso directo a especialistas del sector con un profundo conocimiento del panorama de la financiaci\u00f3n."},{"content":"<span class=\"sk-mb--32\"><img class=\"alignnone wp-image-1108 size-full\" role=\"img\" src=\"https:\/\/evolutioneurope.eu\/wp-content\/uploads\/2025\/09\/actionable-next-steps.svg\" alt=\"\" width=\"64\" height=\"64\" \/><\/span>\r\n<h3 class=\"sk-text--h5\"><span class=\"sk-mb--8\">Pr\u00f3ximos pasos a seguir<\/span><\/h3>\r\nApoyar proyectos de gran impacto en diversos sectores."},{"content":"<span class=\"sk-mb--32\"><img class=\"alignnone wp-image-1136 size-full\" role=\"img\" src=\"https:\/\/evolutioneurope.eu\/wp-content\/uploads\/2025\/09\/structure-and-overview.svg\" alt=\"\" width=\"64\" height=\"64\" \/><\/span>\r\n<h3 class=\"sk-text--h5\">Potencial real de financiaci\u00f3n<\/h3>\r\n<p data-start=\"131\" data-end=\"260\">Obt\u00e9n una visi\u00f3n honesta de tus probabilidades y de las mejores oportunidades disponibles seg\u00fan tu etapa actual y tus fortalezas.<\/p>"}]}},{"acf_fc_layout":"accordion_side","accordion_side":{"sections_settings":{"section_id":"","section_background":true,"section_padding":"base"},"accordion_max_width":true,"side_content":"<h2 class=\"sk-text--h3\"><span class=\"sk-typo-mod-color-two\">\u00bfTienes preguntas?<\/span><span class=\"sk-typo-mod-color-four\">\r\nTenemos\r\nrespuestas<\/span><\/h2>","top_content":"","items":[{"title":"<p class=\"sk-text--h5\">\u00bfCu\u00e1nto tiempo dura la llamada?<\/p>","content":"<p data-start=\"360\" data-end=\"608\">Nuestra consulta inicial suele durar entre <strong data-start=\"403\" data-end=\"422\">30 y 45 minutos<\/strong>.<br data-start=\"423\" data-end=\"426\" \/>Esto nos permite entender tu proyecto, tus objetivos y tu situaci\u00f3n actual, al mismo tiempo que identificamos las oportunidades de financiaci\u00f3n u optimizaci\u00f3n m\u00e1s relevantes para ti.<\/p>"},{"title":"<p class=\"sk-text--h5\">\u00bfNecesito preparar algo?<\/p>","content":"<p data-start=\"650\" data-end=\"850\">Abordamos esta sesi\u00f3n como un <strong data-start=\"680\" data-end=\"726\">diagn\u00f3stico, no como una llamada comercial<\/strong>, similar a c\u00f3mo evaluamos internamente los proyectos antes de trabajar en ellos. No es necesario preparar nada previamente.<\/p>\r\n<p data-start=\"852\" data-end=\"937\">Sin embargo, para aprovechar mejor la sesi\u00f3n, es \u00fatil que puedas explicar brevemente:<\/p>\r\n\r\n<ul data-start=\"938\" data-end=\"1087\">\r\n \t<li data-section-id=\"1yattnk\" data-start=\"938\" data-end=\"968\">A qu\u00e9 se dedica tu empresa<\/li>\r\n \t<li data-section-id=\"nb0aft\" data-start=\"969\" data-end=\"1025\">En qu\u00e9 fase se encuentra (idea, MVP, escalado, etc.)<\/li>\r\n \t<li data-section-id=\"mw0cig\" data-start=\"1026\" data-end=\"1087\">Qu\u00e9 retos de financiaci\u00f3n o crecimiento est\u00e1s enfrentando<\/li>\r\n<\/ul>\r\n<p data-start=\"1089\" data-end=\"1272\">Si ya tienes materiales como un pitch deck o un plan de negocio, puedes compartirlos, pero no es obligatorio. La sesi\u00f3n est\u00e1 dise\u00f1ada para ser <strong data-start=\"1232\" data-end=\"1271\">simple y exploratoria, no un examen<\/strong>.<\/p>"},{"title":"<p class=\"sk-text--h5\">\u00bfEs realmente gratis?<\/p>","content":"<p data-start=\"1311\" data-end=\"1531\">S\u00ed, es <strong data-start=\"1318\" data-end=\"1361\">completamente gratuito y sin compromiso<\/strong>.<br data-start=\"1362\" data-end=\"1365\" \/>El objetivo de la llamada es evaluar si y c\u00f3mo podemos ayudarte. Si hay un buen encaje, te explicaremos los siguientes pasos, pero sin ninguna presi\u00f3n para continuar.<\/p>"},{"title":"<p class=\"sk-text--h5\">\u00bfPuedo repetir la llamada?<\/p>","content":"<p data-start=\"1582\" data-end=\"1673\">Por supuesto.<br data-start=\"1595\" data-end=\"1598\" \/>Si es necesario, estaremos encantados de programar una segunda sesi\u00f3n para:<\/p>\r\n\r\n<ul data-start=\"1674\" data-end=\"1831\">\r\n \t<li data-section-id=\"cetc1w\" data-start=\"1674\" data-end=\"1734\">Profundizar en oportunidades espec\u00edficas de financiaci\u00f3n<\/li>\r\n \t<li data-section-id=\"171lwqw\" data-start=\"1735\" data-end=\"1788\">Revisar documentos o estrategia con mayor detalle<\/li>\r\n \t<li data-section-id=\"fa9m5f\" data-start=\"1789\" data-end=\"1831\">Involucrar a otros miembros del equipo<\/li>\r\n<\/ul>\r\n<p data-start=\"1833\" data-end=\"1923\" data-is-last-node=\"\" data-is-only-node=\"\">Nuestro objetivo es que tengas <strong data-start=\"1864\" data-end=\"1922\">claridad y direcci\u00f3n antes de tomar cualquier decisi\u00f3n<\/strong>.<\/p>"}]}}]},"yoast_head":"<!-- This site is optimized with the Yoast SEO Premium plugin v27.3 (Yoast SEO v27.3) - https:\/\/yoast.com\/product\/yoast-seo-premium-wordpress\/ -->\n<title>Asesoramiento gratuito en financiaci\u00f3n I+D+i | Evolution Europe<\/title>\n<meta name=\"description\" content=\"Asesoramiento gratuito para evaluar tu elegibilidad en financiaci\u00f3n I+D+i y asegurar recursos para tus proyectos e ideas.\" \/>\n<meta name=\"robots\" content=\"index, follow, max-snippet:-1, max-image-preview:large, max-video-preview:-1\" \/>\n<link rel=\"canonical\" href=\"https:\/\/evolutioneurope.eu\/es\/asesoramiento-gratuito\/\" \/>\n<meta property=\"og:locale\" content=\"es_ES\" \/>\n<meta property=\"og:type\" content=\"article\" \/>\n<meta property=\"og:title\" content=\"Asesoramiento gratuito\" \/>\n<meta property=\"og:description\" content=\"Asesoramiento gratuito para evaluar tu elegibilidad en financiaci\u00f3n I+D+i y asegurar recursos para tus proyectos e ideas.\" \/>\n<meta property=\"og:url\" content=\"https:\/\/evolutioneurope.eu\/es\/asesoramiento-gratuito\/\" \/>\n<meta property=\"og:site_name\" content=\"evolution-europe\" \/>\n<meta property=\"article:modified_time\" content=\"2026-04-06T10:06:59+00:00\" \/>\n<meta property=\"og:image\" content=\"https:\/\/evolutioneurope.eu\/wp-content\/uploads\/2026\/05\/social-share-image.jpg\" \/>\n\t<meta property=\"og:image:width\" content=\"1200\" \/>\n\t<meta property=\"og:image:height\" content=\"800\" \/>\n\t<meta property=\"og:image:type\" content=\"image\/jpeg\" \/>\n<meta name=\"twitter:card\" content=\"summary_large_image\" \/>\n<script type=\"application\/ld+json\" class=\"yoast-schema-graph\">{\"@context\":\"https:\\\/\\\/schema.org\",\"@graph\":[{\"@type\":\"WebPage\",\"@id\":\"https:\\\/\\\/evolutioneurope.eu\\\/es\\\/asesoramiento-gratuito\\\/\",\"url\":\"https:\\\/\\\/evolutioneurope.eu\\\/es\\\/asesoramiento-gratuito\\\/\",\"name\":\"Asesoramiento gratuito en financiaci\u00f3n I+D+i | Evolution Europe\",\"isPartOf\":{\"@id\":\"https:\\\/\\\/evolutioneurope.eu\\\/es\\\/#website\"},\"datePublished\":\"2025-09-12T09:29:24+00:00\",\"dateModified\":\"2026-04-06T10:06:59+00:00\",\"description\":\"Asesoramiento gratuito para evaluar tu elegibilidad en financiaci\u00f3n I+D+i y asegurar recursos para tus proyectos e ideas.\",\"breadcrumb\":{\"@id\":\"https:\\\/\\\/evolutioneurope.eu\\\/es\\\/asesoramiento-gratuito\\\/#breadcrumb\"},\"inLanguage\":\"es\",\"potentialAction\":[{\"@type\":\"ReadAction\",\"target\":[\"https:\\\/\\\/evolutioneurope.eu\\\/es\\\/asesoramiento-gratuito\\\/\"]}]},{\"@type\":\"BreadcrumbList\",\"@id\":\"https:\\\/\\\/evolutioneurope.eu\\\/es\\\/asesoramiento-gratuito\\\/#breadcrumb\",\"itemListElement\":[{\"@type\":\"ListItem\",\"position\":1,\"name\":\"Home\",\"item\":\"https:\\\/\\\/evolutioneurope.eu\\\/es\\\/\"},{\"@type\":\"ListItem\",\"position\":2,\"name\":\"Asesoramiento gratuito\"}]},{\"@type\":\"WebSite\",\"@id\":\"https:\\\/\\\/evolutioneurope.eu\\\/es\\\/#website\",\"url\":\"https:\\\/\\\/evolutioneurope.eu\\\/es\\\/\",\"name\":\"evolution-europe\",\"description\":\"\",\"publisher\":{\"@id\":\"https:\\\/\\\/evolutioneurope.eu\\\/es\\\/#organization\"},\"potentialAction\":[{\"@type\":\"SearchAction\",\"target\":{\"@type\":\"EntryPoint\",\"urlTemplate\":\"https:\\\/\\\/evolutioneurope.eu\\\/es\\\/?s={search_term_string}\"},\"query-input\":{\"@type\":\"PropertyValueSpecification\",\"valueRequired\":true,\"valueName\":\"search_term_string\"}}],\"inLanguage\":\"es\"},{\"@type\":\"Organization\",\"@id\":\"https:\\\/\\\/evolutioneurope.eu\\\/es\\\/#organization\",\"name\":\"Evolution Europe\",\"url\":\"https:\\\/\\\/evolutioneurope.eu\\\/es\\\/\",\"logo\":{\"@type\":\"ImageObject\",\"inLanguage\":\"es\",\"@id\":\"https:\\\/\\\/evolutioneurope.eu\\\/es\\\/#\\\/schema\\\/logo\\\/image\\\/\",\"url\":\"https:\\\/\\\/evolutioneurope.eu\\\/wp-content\\\/uploads\\\/2026\\\/04\\\/social-share-image-2000x1600-1.jpg\",\"contentUrl\":\"https:\\\/\\\/evolutioneurope.eu\\\/wp-content\\\/uploads\\\/2026\\\/04\\\/social-share-image-2000x1600-1.jpg\",\"width\":2000,\"height\":1600,\"caption\":\"Evolution Europe\"},\"image\":{\"@id\":\"https:\\\/\\\/evolutioneurope.eu\\\/es\\\/#\\\/schema\\\/logo\\\/image\\\/\"}}]}<\/script>\n<!-- \/ Yoast SEO Premium plugin. -->","yoast_head_json":{"title":"Asesoramiento gratuito en financiaci\u00f3n I+D+i | Evolution Europe","description":"Asesoramiento gratuito para evaluar tu elegibilidad en financiaci\u00f3n I+D+i y asegurar recursos para tus proyectos e ideas.","robots":{"index":"index","follow":"follow","max-snippet":"max-snippet:-1","max-image-preview":"max-image-preview:large","max-video-preview":"max-video-preview:-1"},"canonical":"https:\/\/evolutioneurope.eu\/es\/asesoramiento-gratuito\/","og_locale":"es_ES","og_type":"article","og_title":"Asesoramiento gratuito","og_description":"Asesoramiento gratuito para evaluar tu elegibilidad en financiaci\u00f3n I+D+i y asegurar recursos para tus proyectos e ideas.","og_url":"https:\/\/evolutioneurope.eu\/es\/asesoramiento-gratuito\/","og_site_name":"evolution-europe","article_modified_time":"2026-04-06T10:06:59+00:00","og_image":[{"width":1200,"height":800,"url":"https:\/\/evolutioneurope.eu\/wp-content\/uploads\/2026\/05\/social-share-image.jpg","type":"image\/jpeg"}],"twitter_card":"summary_large_image","schema":{"@context":"https:\/\/schema.org","@graph":[{"@type":"WebPage","@id":"https:\/\/evolutioneurope.eu\/es\/asesoramiento-gratuito\/","url":"https:\/\/evolutioneurope.eu\/es\/asesoramiento-gratuito\/","name":"Asesoramiento gratuito en financiaci\u00f3n I+D+i | Evolution Europe","isPartOf":{"@id":"https:\/\/evolutioneurope.eu\/es\/#website"},"datePublished":"2025-09-12T09:29:24+00:00","dateModified":"2026-04-06T10:06:59+00:00","description":"Asesoramiento gratuito para evaluar tu elegibilidad en financiaci\u00f3n I+D+i y asegurar recursos para tus proyectos e ideas.","breadcrumb":{"@id":"https:\/\/evolutioneurope.eu\/es\/asesoramiento-gratuito\/#breadcrumb"},"inLanguage":"es","potentialAction":[{"@type":"ReadAction","target":["https:\/\/evolutioneurope.eu\/es\/asesoramiento-gratuito\/"]}]},{"@type":"BreadcrumbList","@id":"https:\/\/evolutioneurope.eu\/es\/asesoramiento-gratuito\/#breadcrumb","itemListElement":[{"@type":"ListItem","position":1,"name":"Home","item":"https:\/\/evolutioneurope.eu\/es\/"},{"@type":"ListItem","position":2,"name":"Asesoramiento gratuito"}]},{"@type":"WebSite","@id":"https:\/\/evolutioneurope.eu\/es\/#website","url":"https:\/\/evolutioneurope.eu\/es\/","name":"evolution-europe","description":"","publisher":{"@id":"https:\/\/evolutioneurope.eu\/es\/#organization"},"potentialAction":[{"@type":"SearchAction","target":{"@type":"EntryPoint","urlTemplate":"https:\/\/evolutioneurope.eu\/es\/?s={search_term_string}"},"query-input":{"@type":"PropertyValueSpecification","valueRequired":true,"valueName":"search_term_string"}}],"inLanguage":"es"},{"@type":"Organization","@id":"https:\/\/evolutioneurope.eu\/es\/#organization","name":"Evolution Europe","url":"https:\/\/evolutioneurope.eu\/es\/","logo":{"@type":"ImageObject","inLanguage":"es","@id":"https:\/\/evolutioneurope.eu\/es\/#\/schema\/logo\/image\/","url":"https:\/\/evolutioneurope.eu\/wp-content\/uploads\/2026\/04\/social-share-image-2000x1600-1.jpg","contentUrl":"https:\/\/evolutioneurope.eu\/wp-content\/uploads\/2026\/04\/social-share-image-2000x1600-1.jpg","width":2000,"height":1600,"caption":"Evolution Europe"},"image":{"@id":"https:\/\/evolutioneurope.eu\/es\/#\/schema\/logo\/image\/"}}]}},"_links":{"self":[{"href":"https:\/\/evolutioneurope.eu\/es\/wp-json\/wp\/v2\/pages\/1018","targetHints":{"allow":["GET"]}}],"collection":[{"href":"https:\/\/evolutioneurope.eu\/es\/wp-json\/wp\/v2\/pages"}],"about":[{"href":"https:\/\/evolutioneurope.eu\/es\/wp-json\/wp\/v2\/types\/page"}],"author":[{"embeddable":true,"href":"https:\/\/evolutioneurope.eu\/es\/wp-json\/wp\/v2\/users\/6"}],"replies":[{"embeddable":true,"href":"https:\/\/evolutioneurope.eu\/es\/wp-json\/wp\/v2\/comments?post=1018"}],"version-history":[{"count":1,"href":"https:\/\/evolutioneurope.eu\/es\/wp-json\/wp\/v2\/pages\/1018\/revisions"}],"predecessor-version":[{"id":9195,"href":"https:\/\/evolutioneurope.eu\/es\/wp-json\/wp\/v2\/pages\/1018\/revisions\/9195"}],"wp:attachment":[{"href":"https:\/\/evolutioneurope.eu\/es\/wp-json\/wp\/v2\/media?parent=1018"}],"curies":[{"name":"wp","href":"https:\/\/api.w.org\/{rel}","templated":true}]}}