{"id":1015,"date":"2025-09-11T10:33:56","date_gmt":"2025-09-11T10:33:56","guid":{"rendered":"https:\/\/mmevost.wpenginepowered.com\/working-at-evolution\/"},"modified":"2026-04-08T16:07:16","modified_gmt":"2026-04-08T16:07:16","slug":"trabajar-en-evolution","status":"publish","type":"page","link":"https:\/\/evolutioneurope.eu\/es\/trabajar-en-evolution\/","title":{"rendered":"Trabajar en Evolution"},"content":{"rendered":"","protected":false},"excerpt":{"rendered":"","protected":false},"author":6,"featured_media":0,"parent":0,"menu_order":0,"comment_status":"closed","ping_status":"closed","template":"","meta":{"_acf_changed":false,"footnotes":""},"class_list":["post-1015","page","type-page","status-publish","hentry"],"acf":{"layouts":{"0":{"acf_fc_layout":"hero","hero":{"section_type":"image","section_size":"main","title":"","breadcrumbs":true,"image":7256,"image_mobile":null,"mobile_content_visibility":false,"content":"<h1 class=\"sk-text--h2\">Trabaja en un equipo <span class=\"sk-typo-mod-color-four\">que valora tu experiencia<\/span><\/h1>\r\n<a class=\"sk-btn\" href=\"#section-positions\">Descubre las posiciones abiertas<\/a>","video_type":"mp4","upload_video":null,"video_id":"","video_placeholder":null}},"1":{"acf_fc_layout":"media","media":{"sections_settings":{"section_id":"","section_background":false,"section_padding":"base"},"intro":"<h2 class=\"sk-text--h4\" style=\"text-align: center;\"><span class=\"sk-typo-mod-color-four sk-mb--32\">Creemos que las grandes ideas comienzan con grandes personas.<\/span><\/h2>\r\n<p class=\"sk-text--h5\" style=\"text-align: center;\">Nos centramos en crear equipos internos s\u00f3lidos en los que se fomente el talento, se celebren las ideas y se impulse la carrera profesional.<\/p>","section_type":"video","image":null,"video_type":"youtube","upload_video":591,"video_id":"MMZffbNumOU","video_placeholder":7524,"video_title":"","button":null}},"2":{"acf_fc_layout":"content_columns","content_columns":{"sections_settings":{"section_id":"","section_background":false,"section_padding":"base"},"content":"","columns_count":"three","columns":[{"content":"<span class=\"sk-mb--32\"><img class=\"alignnone wp-image-1128 size-full\" role=\"img\" src=\"https:\/\/evolutioneurope.eu\/wp-content\/uploads\/2025\/09\/in-house-expertise.svg\" alt=\"\" width=\"64\" height=\"64\" \/><\/span>\r\n<h3 class=\"sk-text--h5\">Crece con nosotros<\/h3>\r\n<p data-start=\"145\" data-end=\"455\">\u00danete a un equipo en el que se valoran tus conocimientos y habilidades. Invertimos en el aprendizaje y el desarrollo continuos para ayudarte a crecer profesionalmente.<\/p>\r\n<p data-start=\"145\" data-end=\"455\"><\/p>"},{"content":"<span class=\"sk-mb--32\"><img class=\"alignnone wp-image-1130 size-full\" role=\"img\" src=\"https:\/\/evolutioneurope.eu\/wp-content\/uploads\/2025\/09\/people-first-culture.svg\" alt=\"\" width=\"64\" height=\"64\" \/><\/span>\r\n<h3 class=\"sk-text--h5\">Cultura centrada en las personas<\/h3>\r\nPriorizamos la colaboraci\u00f3n, el apoyo y un equilibrio saludable entre la vida laboral y la personal. Tu bienestar es tan importante como tus logros.\r\n\r\n&nbsp;"},{"content":"<span class=\"sk-mb--32\"><img class=\"alignnone wp-image-1126 size-full\" role=\"img\" src=\"https:\/\/evolutioneurope.eu\/wp-content\/uploads\/2025\/09\/impact-driven-work.svg\" alt=\"\" width=\"64\" height=\"64\" \/><\/span>\r\n<h3 class=\"sk-text--h5\">Trabajo orientado al impacto<\/h3>\r\nContribuye a proyectos que impulsan un cambio real. Desde apoyar a startups tecnol\u00f3gicas disruptivas hasta potenciar innovaciones sostenibles, tu trabajo tendr\u00e1 un impacto duradero.\r\n\r\n&nbsp;"}]}},"3":{"acf_fc_layout":"quotes","quotes":{"quotes":[{"image":598,"quote":"\"Nuestro modelo de trabajo refleja el mundo en el que vivimos: flexible, digital y centrado en las personas, dise\u00f1ado para potenciar tanto el rendimiento como el bienestar.\"","image_mobile":599,"author":"David Gil, Manager de People en Evolution Europe","button":null},{"image":6931,"quote":"\"La innovaci\u00f3n y la colaboraci\u00f3n nos definen. Promovemos el liderazgo, adoptamos tecnolog\u00eda de vanguardia y combinamos una forma de trabajo \u00e1gil y centrada en el teletrabajo con la posibilidad de conectar en persona en nuestra oficina de Madrid.\"","image_mobile":6931,"author":"David Gil, Manager de People en Evolution Europe","button":null},{"image":7072,"quote":"\"Mis pr\u00e1cticas en Evolution Europe me ayudaron a crecer profesional y personalmente en un entorno inspirador y solidario\"","image_mobile":7072,"author":"Louis Wasylyk, antiguo becario del Departamento de Marketing de Evolution Europe","button":null}]}},"4":{"acf_fc_layout":"accordion_side","accordion_side":{"sections_settings":{"section_id":"section-positions","section_background":true,"section_padding":"base"},"accordion_max_width":true,"side_content":"<h2 class=\"sk-text--h3\">Posiciones abiertas<\/h2>\r\n\u00bfBuscas dar un nuevo paso en tu carrera profesional? Explora nuestras vacantes actuales y encuentra el puesto que mejor se adapte a ti.","top_content":"","items":[{"title":"","content":""},{"title":"","content":""},{"title":"","content":""}]}},"6":{"acf_fc_layout":"cta","get_content_from_options_page":false,"cta":{"section_type":"bg","content":"<h3 style=\"text-align: center;\">\u00bfCrees que encajar\u00edas con nosotros? Aunque hoy no haya ninguna vacante que se ajuste a tu perfil, env\u00eda tu CV a peopledepartment@evolutioneurope.eu<\/h3>","section_id":"CTA","image":null,"video_type":"mp4","upload_video":null,"video_id":"","video_placeholder":null}}}},"yoast_head":"<!-- This site is optimized with the Yoast SEO Premium plugin v27.3 (Yoast SEO v27.3) - https:\/\/yoast.com\/product\/yoast-seo-premium-wordpress\/ -->\n<title>Trabajar en Evolution Europe: \u00danete a nuestro equipo<\/title>\n<meta name=\"description\" content=\"Descubre c\u00f3mo es trabajar en Evolution Europe y \u00fanete a un equipo que valora a las personas, la innovaci\u00f3n y el crecimiento.\" \/>\n<meta name=\"robots\" content=\"index, follow, max-snippet:-1, max-image-preview:large, max-video-preview:-1\" \/>\n<link rel=\"canonical\" href=\"https:\/\/evolutioneurope.eu\/es\/trabajar-en-evolution\/\" \/>\n<meta property=\"og:locale\" content=\"es_ES\" \/>\n<meta property=\"og:type\" content=\"article\" \/>\n<meta property=\"og:title\" content=\"Trabajar en Evolution\" \/>\n<meta property=\"og:description\" content=\"Descubre c\u00f3mo es trabajar en Evolution Europe y \u00fanete a un equipo que valora a las personas, la innovaci\u00f3n y el crecimiento.\" \/>\n<meta property=\"og:url\" content=\"https:\/\/evolutioneurope.eu\/es\/trabajar-en-evolution\/\" \/>\n<meta property=\"og:site_name\" content=\"evolution-europe\" \/>\n<meta property=\"article:modified_time\" content=\"2026-04-08T16:07:16+00:00\" \/>\n<meta name=\"twitter:card\" content=\"summary_large_image\" \/>\n<script type=\"application\/ld+json\" class=\"yoast-schema-graph\">{\"@context\":\"https:\\\/\\\/schema.org\",\"@graph\":[{\"@type\":\"WebPage\",\"@id\":\"https:\\\/\\\/evolutioneurope.eu\\\/es\\\/trabajar-en-evolution\\\/\",\"url\":\"https:\\\/\\\/evolutioneurope.eu\\\/es\\\/trabajar-en-evolution\\\/\",\"name\":\"Trabajar en Evolution Europe: \u00danete a nuestro equipo\",\"isPartOf\":{\"@id\":\"https:\\\/\\\/evolutioneurope.eu\\\/es\\\/#website\"},\"datePublished\":\"2025-09-11T10:33:56+00:00\",\"dateModified\":\"2026-04-08T16:07:16+00:00\",\"description\":\"Descubre c\u00f3mo es trabajar en Evolution Europe y \u00fanete a un equipo que valora a las personas, la innovaci\u00f3n y el crecimiento.\",\"breadcrumb\":{\"@id\":\"https:\\\/\\\/evolutioneurope.eu\\\/es\\\/trabajar-en-evolution\\\/#breadcrumb\"},\"inLanguage\":\"es\",\"potentialAction\":[{\"@type\":\"ReadAction\",\"target\":[\"https:\\\/\\\/evolutioneurope.eu\\\/es\\\/trabajar-en-evolution\\\/\"]}]},{\"@type\":\"BreadcrumbList\",\"@id\":\"https:\\\/\\\/evolutioneurope.eu\\\/es\\\/trabajar-en-evolution\\\/#breadcrumb\",\"itemListElement\":[{\"@type\":\"ListItem\",\"position\":1,\"name\":\"Home\",\"item\":\"https:\\\/\\\/evolutioneurope.eu\\\/es\\\/\"},{\"@type\":\"ListItem\",\"position\":2,\"name\":\"Trabajar en Evolution\"}]},{\"@type\":\"WebSite\",\"@id\":\"https:\\\/\\\/evolutioneurope.eu\\\/es\\\/#website\",\"url\":\"https:\\\/\\\/evolutioneurope.eu\\\/es\\\/\",\"name\":\"evolution-europe\",\"description\":\"\",\"publisher\":{\"@id\":\"https:\\\/\\\/evolutioneurope.eu\\\/es\\\/#organization\"},\"potentialAction\":[{\"@type\":\"SearchAction\",\"target\":{\"@type\":\"EntryPoint\",\"urlTemplate\":\"https:\\\/\\\/evolutioneurope.eu\\\/es\\\/?s={search_term_string}\"},\"query-input\":{\"@type\":\"PropertyValueSpecification\",\"valueRequired\":true,\"valueName\":\"search_term_string\"}}],\"inLanguage\":\"es\"},{\"@type\":\"Organization\",\"@id\":\"https:\\\/\\\/evolutioneurope.eu\\\/es\\\/#organization\",\"name\":\"Evolution Europe\",\"url\":\"https:\\\/\\\/evolutioneurope.eu\\\/es\\\/\",\"logo\":{\"@type\":\"ImageObject\",\"inLanguage\":\"es\",\"@id\":\"https:\\\/\\\/evolutioneurope.eu\\\/es\\\/#\\\/schema\\\/logo\\\/image\\\/\",\"url\":\"https:\\\/\\\/evolutioneurope.eu\\\/wp-content\\\/uploads\\\/2026\\\/04\\\/social-share-image-2000x1600-1.jpg\",\"contentUrl\":\"https:\\\/\\\/evolutioneurope.eu\\\/wp-content\\\/uploads\\\/2026\\\/04\\\/social-share-image-2000x1600-1.jpg\",\"width\":2000,\"height\":1600,\"caption\":\"Evolution Europe\"},\"image\":{\"@id\":\"https:\\\/\\\/evolutioneurope.eu\\\/es\\\/#\\\/schema\\\/logo\\\/image\\\/\"}}]}<\/script>\n<!-- \/ Yoast SEO Premium plugin. -->","yoast_head_json":{"title":"Trabajar en Evolution Europe: \u00danete a nuestro equipo","description":"Descubre c\u00f3mo es trabajar en Evolution Europe y \u00fanete a un equipo que valora a las personas, la innovaci\u00f3n y el crecimiento.","robots":{"index":"index","follow":"follow","max-snippet":"max-snippet:-1","max-image-preview":"max-image-preview:large","max-video-preview":"max-video-preview:-1"},"canonical":"https:\/\/evolutioneurope.eu\/es\/trabajar-en-evolution\/","og_locale":"es_ES","og_type":"article","og_title":"Trabajar en Evolution","og_description":"Descubre c\u00f3mo es trabajar en Evolution Europe y \u00fanete a un equipo que valora a las personas, la innovaci\u00f3n y el crecimiento.","og_url":"https:\/\/evolutioneurope.eu\/es\/trabajar-en-evolution\/","og_site_name":"evolution-europe","article_modified_time":"2026-04-08T16:07:16+00:00","twitter_card":"summary_large_image","schema":{"@context":"https:\/\/schema.org","@graph":[{"@type":"WebPage","@id":"https:\/\/evolutioneurope.eu\/es\/trabajar-en-evolution\/","url":"https:\/\/evolutioneurope.eu\/es\/trabajar-en-evolution\/","name":"Trabajar en Evolution Europe: \u00danete a nuestro equipo","isPartOf":{"@id":"https:\/\/evolutioneurope.eu\/es\/#website"},"datePublished":"2025-09-11T10:33:56+00:00","dateModified":"2026-04-08T16:07:16+00:00","description":"Descubre c\u00f3mo es trabajar en Evolution Europe y \u00fanete a un equipo que valora a las personas, la innovaci\u00f3n y el crecimiento.","breadcrumb":{"@id":"https:\/\/evolutioneurope.eu\/es\/trabajar-en-evolution\/#breadcrumb"},"inLanguage":"es","potentialAction":[{"@type":"ReadAction","target":["https:\/\/evolutioneurope.eu\/es\/trabajar-en-evolution\/"]}]},{"@type":"BreadcrumbList","@id":"https:\/\/evolutioneurope.eu\/es\/trabajar-en-evolution\/#breadcrumb","itemListElement":[{"@type":"ListItem","position":1,"name":"Home","item":"https:\/\/evolutioneurope.eu\/es\/"},{"@type":"ListItem","position":2,"name":"Trabajar en Evolution"}]},{"@type":"WebSite","@id":"https:\/\/evolutioneurope.eu\/es\/#website","url":"https:\/\/evolutioneurope.eu\/es\/","name":"evolution-europe","description":"","publisher":{"@id":"https:\/\/evolutioneurope.eu\/es\/#organization"},"potentialAction":[{"@type":"SearchAction","target":{"@type":"EntryPoint","urlTemplate":"https:\/\/evolutioneurope.eu\/es\/?s={search_term_string}"},"query-input":{"@type":"PropertyValueSpecification","valueRequired":true,"valueName":"search_term_string"}}],"inLanguage":"es"},{"@type":"Organization","@id":"https:\/\/evolutioneurope.eu\/es\/#organization","name":"Evolution Europe","url":"https:\/\/evolutioneurope.eu\/es\/","logo":{"@type":"ImageObject","inLanguage":"es","@id":"https:\/\/evolutioneurope.eu\/es\/#\/schema\/logo\/image\/","url":"https:\/\/evolutioneurope.eu\/wp-content\/uploads\/2026\/04\/social-share-image-2000x1600-1.jpg","contentUrl":"https:\/\/evolutioneurope.eu\/wp-content\/uploads\/2026\/04\/social-share-image-2000x1600-1.jpg","width":2000,"height":1600,"caption":"Evolution Europe"},"image":{"@id":"https:\/\/evolutioneurope.eu\/es\/#\/schema\/logo\/image\/"}}]}},"_links":{"self":[{"href":"https:\/\/evolutioneurope.eu\/es\/wp-json\/wp\/v2\/pages\/1015","targetHints":{"allow":["GET"]}}],"collection":[{"href":"https:\/\/evolutioneurope.eu\/es\/wp-json\/wp\/v2\/pages"}],"about":[{"href":"https:\/\/evolutioneurope.eu\/es\/wp-json\/wp\/v2\/types\/page"}],"author":[{"embeddable":true,"href":"https:\/\/evolutioneurope.eu\/es\/wp-json\/wp\/v2\/users\/6"}],"replies":[{"embeddable":true,"href":"https:\/\/evolutioneurope.eu\/es\/wp-json\/wp\/v2\/comments?post=1015"}],"version-history":[{"count":0,"href":"https:\/\/evolutioneurope.eu\/es\/wp-json\/wp\/v2\/pages\/1015\/revisions"}],"wp:attachment":[{"href":"https:\/\/evolutioneurope.eu\/es\/wp-json\/wp\/v2\/media?parent=1015"}],"curies":[{"name":"wp","href":"https:\/\/api.w.org\/{rel}","templated":true}]}}